{"id":1852,"date":"2025-04-06T00:15:20","date_gmt":"2025-04-05T22:15:20","guid":{"rendered":"http:\/\/mediagoras.fr\/lyon\/?page_id=1852"},"modified":"2025-04-06T12:44:06","modified_gmt":"2025-04-06T10:44:06","slug":"mentions-legales","status":"publish","type":"page","link":"https:\/\/mediagoras.fr\/lyon\/connaitre-mediagora\/mentions-legales\/","title":{"rendered":"Mentions l\u00e9gales"},"content":{"rendered":"<h5 style=\"text-align: right; font-size: 12px;\"><a><i class=\"fa-caret-right\"> <\/i> Retour \u00e0 la page pr\u00e9c\u00e9dente<\/a><\/h5>\n<h2>Editeur<\/h2>\n<p><strong>M\u00e9diagora Lyon<\/strong><br \/>\n1 Rue Etienne Dolet 69 600 Oullins<br \/>\nT\u00e9l.: +33 6 51 69 16 52<br \/>\nmediagora.lyon (\u00e0) free.fr\u00a0 <span style=\"font-size: 12px;\">(r\u00e9tablir l&rsquo;adresse avant usage)<\/span><\/p>\n<p>Directrice de la publication : Mme la Pr\u00e9sidente de M\u00e9diagora Lyon<\/p>\n<p><a href=\"\/lyon\/nous-contacter\/\"><i class=\"fa-caret-right\"> <\/i> Poser une question ou \u00e9mettre une suggestion sur le contenu du site.<\/a><\/p>\n<h2>H\u00e9bergeur<\/h2>\n<p><strong>PlanetHoster<\/strong><\/p>\n<p>4416 Louis-B.-Mayer &#8211; Laval, Qu\u00e9bec &#8211; Canada H7P 0G1<br \/>\nT\u00e9l\u00e9phone\u00a0: +33 1 76 60 41 43<br \/>\nSite\u00a0: https:\/\/www.planethoster.com\/fr\/<\/p>\n<p>&nbsp;<\/p>\n<h2>Protection des donn\u00e9es personnelles<\/h2>\n<p>Les messages \u00e9lectroniques envoy\u00e9s sont conserv\u00e9s pendant la dur\u00e9e de leur traitement.<\/p>\n<p>Les informations recueillies via le formulaire de contact ou via messages electroniques font l\u2019objet d\u2019un traitement informatique destin\u00e9 aux fichiers des membres et contacts. Le destinataire des donn\u00e9es est uniquement le directeur de la publication et les membres habilit\u00e9s.<\/p>\n<p>Conform\u00e9ment \u00e0 la loi <em>\u00ab informatique et libert\u00e9s \u00bb<\/em> du 6 janvier 1978 modifi\u00e9e en 2004, vous b\u00e9n\u00e9ficiez d\u2019un droit d\u2019acc\u00e8s, de rectification et de suppression des informations qui vous concernent, que vous pouvez exercer <a href=\"\/lyon\/nous-contacter\/\">via ce formulaire<\/a>.<\/p>\n<p>Vous pouvez \u00e9galement, pour des motifs l\u00e9gitimes, vous opposer au traitement des donn\u00e9es vous concernant.<\/p>\n<h2>Droits d&rsquo;auteur<\/h2>\n<p>L&rsquo;ensemble de ce site rel\u00e8ve de la l\u00e9gislation fran\u00e7aise sur le droit d&rsquo;auteur et la propri\u00e9t\u00e9 intellectuelle.<\/p>\n<p>La reproduction de tout ou partie de ce site sur quelque support que ce soit est formellement interdite sauf autorisation expresse du directeur de la publication.<\/p>\n<h2>Cr\u00e9dits<\/h2>\n<p>Les membres b\u00e9n\u00e9voles qui ont bien voulu mettre les mains dans le \u00ab\u00a0cambouis informatique\u00a0\u00bb afin d&rsquo;assurer ce service d&rsquo;information.<\/p>\n<p>\u00a9 M\u00e9diagora Lyon\u00a0 2002-2025<\/p>\n<h5 style=\"text-align: right; font-size: 12px;\"><a><i class=\"fa-caret-right\"> <\/i> Retour \u00e0 la page pr\u00e9c\u00e9dente<\/a><\/h5>\n","protected":false},"excerpt":{"rendered":"<p>Retour \u00e0 la page pr\u00e9c\u00e9dente Editeur M\u00e9diagora Lyon 1 Rue Etienne Dolet 69 600 Oullins T\u00e9l.: +33 6 51 69 16 52 mediagora.lyon (\u00e0) free.fr\u00a0 (r\u00e9tablir l&rsquo;adresse avant usage) Directrice de la publication : Mme la Pr\u00e9sidente de M\u00e9diagora Lyon &hellip; <a href=\"https:\/\/mediagoras.fr\/lyon\/connaitre-mediagora\/mentions-legales\/\">Continuer la lecture <span class=\"meta-nav\">&rarr;<\/span><\/a><\/p>\n","protected":false},"author":13,"featured_media":0,"parent":1822,"menu_order":0,"comment_status":"closed","ping_status":"closed","template":"onecolumn-page.php","meta":{"footnotes":""},"class_list":["post-1852","page","type-page","status-publish","hentry"],"yoast_head":"<!-- This site is optimized with the Yoast SEO plugin v27.6 - https:\/\/yoast.com\/product\/yoast-seo-wordpress\/ -->\n<title>Mentions l\u00e9gales - M\u00e9diagora Lyon<\/title>\n<meta name=\"robots\" content=\"index, follow, max-snippet:-1, max-image-preview:large, max-video-preview:-1\" \/>\n<link rel=\"canonical\" href=\"https:\/\/mediagoras.fr\/lyon\/connaitre-mediagora\/mentions-legales\/\" \/>\n<meta property=\"og:locale\" content=\"fr_FR\" \/>\n<meta property=\"og:type\" content=\"article\" \/>\n<meta property=\"og:title\" content=\"Mentions l\u00e9gales - M\u00e9diagora Lyon\" \/>\n<meta property=\"og:description\" content=\"Retour \u00e0 la page pr\u00e9c\u00e9dente Editeur M\u00e9diagora Lyon 1 Rue Etienne Dolet 69 600 Oullins T\u00e9l.: +33 6 51 69 16 52 mediagora.lyon (\u00e0) free.fr\u00a0 (r\u00e9tablir l&rsquo;adresse avant usage) Directrice de la publication : Mme la Pr\u00e9sidente de M\u00e9diagora Lyon &hellip; Continuer la lecture &rarr;\" \/>\n<meta property=\"og:url\" content=\"https:\/\/mediagoras.fr\/lyon\/connaitre-mediagora\/mentions-legales\/\" \/>\n<meta property=\"og:site_name\" content=\"M\u00e9diagora Lyon\" \/>\n<meta property=\"article:modified_time\" content=\"2025-04-06T10:44:06+00:00\" \/>\n<meta name=\"twitter:card\" content=\"summary_large_image\" \/>\n<meta name=\"twitter:label1\" content=\"Dur\u00e9e de lecture estim\u00e9e\" \/>\n\t<meta name=\"twitter:data1\" content=\"2 minutes\" \/>\n<script type=\"application\/ld+json\" class=\"yoast-schema-graph\">{\"@context\":\"https:\\\/\\\/schema.org\",\"@graph\":[{\"@type\":\"WebPage\",\"@id\":\"https:\\\/\\\/mediagoras.fr\\\/lyon\\\/connaitre-mediagora\\\/mentions-legales\\\/\",\"url\":\"https:\\\/\\\/mediagoras.fr\\\/lyon\\\/connaitre-mediagora\\\/mentions-legales\\\/\",\"name\":\"Mentions l\u00e9gales - M\u00e9diagora Lyon\",\"isPartOf\":{\"@id\":\"https:\\\/\\\/mediagoras.fr\\\/lyon\\\/#website\"},\"datePublished\":\"2025-04-05T22:15:20+00:00\",\"dateModified\":\"2025-04-06T10:44:06+00:00\",\"breadcrumb\":{\"@id\":\"https:\\\/\\\/mediagoras.fr\\\/lyon\\\/connaitre-mediagora\\\/mentions-legales\\\/#breadcrumb\"},\"inLanguage\":\"fr-FR\",\"potentialAction\":[{\"@type\":\"ReadAction\",\"target\":[\"https:\\\/\\\/mediagoras.fr\\\/lyon\\\/connaitre-mediagora\\\/mentions-legales\\\/\"]}]},{\"@type\":\"BreadcrumbList\",\"@id\":\"https:\\\/\\\/mediagoras.fr\\\/lyon\\\/connaitre-mediagora\\\/mentions-legales\\\/#breadcrumb\",\"itemListElement\":[{\"@type\":\"ListItem\",\"position\":1,\"name\":\"Accueil\",\"item\":\"https:\\\/\\\/mediagoras.fr\\\/lyon\\\/\"},{\"@type\":\"ListItem\",\"position\":2,\"name\":\"A propos de M\u00e9diagora\",\"item\":\"https:\\\/\\\/mediagoras.fr\\\/lyon\\\/connaitre-mediagora\\\/\"},{\"@type\":\"ListItem\",\"position\":3,\"name\":\"Mentions l\u00e9gales\"}]},{\"@type\":\"WebSite\",\"@id\":\"https:\\\/\\\/mediagoras.fr\\\/lyon\\\/#website\",\"url\":\"https:\\\/\\\/mediagoras.fr\\\/lyon\\\/\",\"name\":\"M\u00e9diagora Lyon\",\"description\":\"Il n&#039;est jamais trop tard pour prendre contact\",\"potentialAction\":[{\"@type\":\"SearchAction\",\"target\":{\"@type\":\"EntryPoint\",\"urlTemplate\":\"https:\\\/\\\/mediagoras.fr\\\/lyon\\\/?s={search_term_string}\"},\"query-input\":{\"@type\":\"PropertyValueSpecification\",\"valueRequired\":true,\"valueName\":\"search_term_string\"}}],\"inLanguage\":\"fr-FR\"}]}<\/script>\n<!-- \/ Yoast SEO plugin. -->","yoast_head_json":{"title":"Mentions l\u00e9gales - M\u00e9diagora Lyon","robots":{"index":"index","follow":"follow","max-snippet":"max-snippet:-1","max-image-preview":"max-image-preview:large","max-video-preview":"max-video-preview:-1"},"canonical":"https:\/\/mediagoras.fr\/lyon\/connaitre-mediagora\/mentions-legales\/","og_locale":"fr_FR","og_type":"article","og_title":"Mentions l\u00e9gales - M\u00e9diagora Lyon","og_description":"Retour \u00e0 la page pr\u00e9c\u00e9dente Editeur M\u00e9diagora Lyon 1 Rue Etienne Dolet 69 600 Oullins T\u00e9l.: +33 6 51 69 16 52 mediagora.lyon (\u00e0) free.fr\u00a0 (r\u00e9tablir l&rsquo;adresse avant usage) Directrice de la publication : Mme la Pr\u00e9sidente de M\u00e9diagora Lyon &hellip; Continuer la lecture &rarr;","og_url":"https:\/\/mediagoras.fr\/lyon\/connaitre-mediagora\/mentions-legales\/","og_site_name":"M\u00e9diagora Lyon","article_modified_time":"2025-04-06T10:44:06+00:00","twitter_card":"summary_large_image","twitter_misc":{"Dur\u00e9e de lecture estim\u00e9e":"2 minutes"},"schema":{"@context":"https:\/\/schema.org","@graph":[{"@type":"WebPage","@id":"https:\/\/mediagoras.fr\/lyon\/connaitre-mediagora\/mentions-legales\/","url":"https:\/\/mediagoras.fr\/lyon\/connaitre-mediagora\/mentions-legales\/","name":"Mentions l\u00e9gales - M\u00e9diagora Lyon","isPartOf":{"@id":"https:\/\/mediagoras.fr\/lyon\/#website"},"datePublished":"2025-04-05T22:15:20+00:00","dateModified":"2025-04-06T10:44:06+00:00","breadcrumb":{"@id":"https:\/\/mediagoras.fr\/lyon\/connaitre-mediagora\/mentions-legales\/#breadcrumb"},"inLanguage":"fr-FR","potentialAction":[{"@type":"ReadAction","target":["https:\/\/mediagoras.fr\/lyon\/connaitre-mediagora\/mentions-legales\/"]}]},{"@type":"BreadcrumbList","@id":"https:\/\/mediagoras.fr\/lyon\/connaitre-mediagora\/mentions-legales\/#breadcrumb","itemListElement":[{"@type":"ListItem","position":1,"name":"Accueil","item":"https:\/\/mediagoras.fr\/lyon\/"},{"@type":"ListItem","position":2,"name":"A propos de M\u00e9diagora","item":"https:\/\/mediagoras.fr\/lyon\/connaitre-mediagora\/"},{"@type":"ListItem","position":3,"name":"Mentions l\u00e9gales"}]},{"@type":"WebSite","@id":"https:\/\/mediagoras.fr\/lyon\/#website","url":"https:\/\/mediagoras.fr\/lyon\/","name":"M\u00e9diagora Lyon","description":"Il n&#039;est jamais trop tard pour prendre contact","potentialAction":[{"@type":"SearchAction","target":{"@type":"EntryPoint","urlTemplate":"https:\/\/mediagoras.fr\/lyon\/?s={search_term_string}"},"query-input":{"@type":"PropertyValueSpecification","valueRequired":true,"valueName":"search_term_string"}}],"inLanguage":"fr-FR"}]}},"_links":{"self":[{"href":"https:\/\/mediagoras.fr\/lyon\/wp-json\/wp\/v2\/pages\/1852","targetHints":{"allow":["GET"]}}],"collection":[{"href":"https:\/\/mediagoras.fr\/lyon\/wp-json\/wp\/v2\/pages"}],"about":[{"href":"https:\/\/mediagoras.fr\/lyon\/wp-json\/wp\/v2\/types\/page"}],"author":[{"embeddable":true,"href":"https:\/\/mediagoras.fr\/lyon\/wp-json\/wp\/v2\/users\/13"}],"replies":[{"embeddable":true,"href":"https:\/\/mediagoras.fr\/lyon\/wp-json\/wp\/v2\/comments?post=1852"}],"version-history":[{"count":17,"href":"https:\/\/mediagoras.fr\/lyon\/wp-json\/wp\/v2\/pages\/1852\/revisions"}],"predecessor-version":[{"id":2760,"href":"https:\/\/mediagoras.fr\/lyon\/wp-json\/wp\/v2\/pages\/1852\/revisions\/2760"}],"up":[{"embeddable":true,"href":"https:\/\/mediagoras.fr\/lyon\/wp-json\/wp\/v2\/pages\/1822"}],"wp:attachment":[{"href":"https:\/\/mediagoras.fr\/lyon\/wp-json\/wp\/v2\/media?parent=1852"}],"curies":[{"name":"wp","href":"https:\/\/api.w.org\/{rel}","templated":true}]}}