{"id":2002,"date":"2025-10-10T00:51:14","date_gmt":"2025-10-09T22:51:14","guid":{"rendered":"http:\/\/mediagoras.fr\/lyon\/?page_id=2002"},"modified":"2025-10-10T12:22:16","modified_gmt":"2025-10-10T10:22:16","slug":"aide-anxiete-phobies","status":"publish","type":"page","link":"https:\/\/mediagoras.fr\/lyon\/aide-anxiete-phobies\/","title":{"rendered":"A quoi sert M\u00e9diagora ?"},"content":{"rendered":"<h2>Aider les anxieux et leurs entourages<\/h2>\n<p>L\u2019association M\u00e9diagora a pour vocation de venir en aide aux personnes souffrant de troubles anxieux ou de phobies, que ces personnes soient en soin ou non. Elle a aussi vocation \u00e0 aider leurs proches.<\/p>\n<p>Le principe premier des membres de l\u2019association est un engagement b\u00e9n\u00e9vole; ce sont des personnes en souffrance ou gu\u00e9ries, ou des th\u00e9rapeutes b\u00e9n\u00e9voles qui animent l\u2019association M\u00e9diagora.<\/p>\n<p>M\u00e9diagora se veut ind\u00e9pendante de tout pouvoir m\u00e9dical et pharmaceutique. Aucun essai th\u00e9rapeutique m\u00e9dicamenteux n\u2019est accept\u00e9 au sein m\u00eame de l\u2019association.<\/p>\n<p>M\u00e9diagora respecte la confidentialit\u00e9.<\/p>\n<p>M\u00e9diagora est apolitique et respecte les convictions religieuses de chacun.<\/p>\n<h2>Conseils, informations et \u00e9coute<\/h2>\n<p>Aider les personnes et leur entourage proche en leur apportant informations et soutien moral avant et pendant leur d\u00e9marche de soins en banalisant notamment l\u2019image du th\u00e9rapeute.<br \/>\nFavoriser la communication entre personnes pendant les r\u00e9unions et apr\u00e8s, gr\u00e2ce notamment \u00e0 notre Forum web priv\u00e9 et \u00e0 l\u2019\u00e9coute t\u00e9l\u00e9phonique.<br \/>\nRecr\u00e9er un r\u00e9seau social bas\u00e9 sur des valeurs de confiance, respect, \u00e9coute, et confidentialit\u00e9. Celui-ci doit permettre \u00e0 chacun de faire le point sur son v\u00e9cu en le partageant, et de trouver un rythme propre capable de l\u2019aiguiller vers les diff\u00e9rentes th\u00e9rapies efficaces car pr\u00e9c\u00e9demment \u00e9prouv\u00e9es. On ne mesure jamais assez le bien-fond\u00e9 d\u2019un groupe \u00e0 travers son soutien et son exp\u00e9rience.<br \/>\nAgir sur l\u2019environnement (familial, scolaire, universitaire, professionnel) et le sensibiliser sur les troubles anxieux.<br \/>\nContribuer \u00e0 instaurer \u00e0 terme un nouveau mod\u00e8le relationnel triangulaire \u00ab patient\/th\u00e9rapeute\/association \u00bb qui nous para\u00eet s\u2019inscrire dans la lign\u00e9e de l\u2019esprit des Th\u00e9rapies modernes, qui redonnent au patient, soutenu par le th\u00e9rapeute et relay\u00e9 par l\u2019association, un r\u00f4le actif dans la gestion de sa sant\u00e9 au sein de son environnement propre.<\/p>\n<p>Pour atteindre ses objectifs, M\u00e9diagora Lyon d\u00e9veloppe 2 p\u00f4les essentiels:<\/p>\n<p>L\u2019information et le soutien \u00e0 distance (cf les menus \u00ab Liens \u00bb et \u00ab Nous contacter \u00bb)<br \/>\nDes r\u00e9unions p\u00e9riodiques ainsi qu\u2019un forum priv\u00e9 (cf le menu \u00ab Nos r\u00e9unions \u00bb).<\/p>\n","protected":false},"excerpt":{"rendered":"<p>Aider les anxieux et leurs entourages L\u2019association M\u00e9diagora a pour vocation de venir en aide aux personnes souffrant de troubles anxieux ou de phobies, que ces personnes soient en soin ou non. Elle a aussi vocation \u00e0 aider leurs proches. Le principe premier des membres de l\u2019association est un engagement b\u00e9n\u00e9vole; ce sont des personnes [&hellip;]<\/p>\n","protected":false},"author":13,"featured_media":0,"parent":0,"menu_order":0,"comment_status":"closed","ping_status":"closed","template":"","meta":{"_et_pb_use_builder":"","_et_pb_old_content":"","_et_gb_content_width":"","footnotes":""},"class_list":["post-2002","page","type-page","status-publish","hentry"],"yoast_head":"<!-- This site is optimized with the Yoast SEO plugin v27.5 - https:\/\/yoast.com\/product\/yoast-seo-wordpress\/ -->\n<title>A quoi sert M\u00e9diagora ? - M\u00e9diagora Lyon<\/title>\n<meta name=\"robots\" content=\"index, follow, max-snippet:-1, max-image-preview:large, max-video-preview:-1\" \/>\n<link rel=\"canonical\" href=\"https:\/\/mediagoras.fr\/lyon\/aide-anxiete-phobies\/\" \/>\n<meta property=\"og:locale\" content=\"fr_FR\" \/>\n<meta property=\"og:type\" content=\"article\" \/>\n<meta property=\"og:title\" content=\"A quoi sert M\u00e9diagora ? - M\u00e9diagora Lyon\" \/>\n<meta property=\"og:description\" content=\"Aider les anxieux et leurs entourages L\u2019association M\u00e9diagora a pour vocation de venir en aide aux personnes souffrant de troubles anxieux ou de phobies, que ces personnes soient en soin ou non. Elle a aussi vocation \u00e0 aider leurs proches. Le principe premier des membres de l\u2019association est un engagement b\u00e9n\u00e9vole; ce sont des personnes [&hellip;]\" \/>\n<meta property=\"og:url\" content=\"https:\/\/mediagoras.fr\/lyon\/aide-anxiete-phobies\/\" \/>\n<meta property=\"og:site_name\" content=\"M\u00e9diagora Lyon\" \/>\n<meta property=\"article:modified_time\" content=\"2025-10-10T10:22:16+00:00\" \/>\n<meta name=\"twitter:card\" content=\"summary_large_image\" \/>\n<meta name=\"twitter:label1\" content=\"Dur\u00e9e de lecture estim\u00e9e\" \/>\n\t<meta name=\"twitter:data1\" content=\"2 minutes\" \/>\n<script type=\"application\/ld+json\" class=\"yoast-schema-graph\">{\"@context\":\"https:\\\/\\\/schema.org\",\"@graph\":[{\"@type\":\"WebPage\",\"@id\":\"https:\\\/\\\/mediagoras.fr\\\/lyon\\\/aide-anxiete-phobies\\\/\",\"url\":\"https:\\\/\\\/mediagoras.fr\\\/lyon\\\/aide-anxiete-phobies\\\/\",\"name\":\"A quoi sert M\u00e9diagora ? - M\u00e9diagora Lyon\",\"isPartOf\":{\"@id\":\"https:\\\/\\\/mediagoras.fr\\\/lyon\\\/#website\"},\"datePublished\":\"2025-10-09T22:51:14+00:00\",\"dateModified\":\"2025-10-10T10:22:16+00:00\",\"breadcrumb\":{\"@id\":\"https:\\\/\\\/mediagoras.fr\\\/lyon\\\/aide-anxiete-phobies\\\/#breadcrumb\"},\"inLanguage\":\"fr-FR\",\"potentialAction\":[{\"@type\":\"ReadAction\",\"target\":[\"https:\\\/\\\/mediagoras.fr\\\/lyon\\\/aide-anxiete-phobies\\\/\"]}]},{\"@type\":\"BreadcrumbList\",\"@id\":\"https:\\\/\\\/mediagoras.fr\\\/lyon\\\/aide-anxiete-phobies\\\/#breadcrumb\",\"itemListElement\":[{\"@type\":\"ListItem\",\"position\":1,\"name\":\"Accueil\",\"item\":\"https:\\\/\\\/mediagoras.fr\\\/lyon\\\/\"},{\"@type\":\"ListItem\",\"position\":2,\"name\":\"A quoi sert M\u00e9diagora ?\"}]},{\"@type\":\"WebSite\",\"@id\":\"https:\\\/\\\/mediagoras.fr\\\/lyon\\\/#website\",\"url\":\"https:\\\/\\\/mediagoras.fr\\\/lyon\\\/\",\"name\":\"M\u00e9diagora Lyon\",\"description\":\"Il n&#039;est jamais trop tard pour prendre contact\",\"potentialAction\":[{\"@type\":\"SearchAction\",\"target\":{\"@type\":\"EntryPoint\",\"urlTemplate\":\"https:\\\/\\\/mediagoras.fr\\\/lyon\\\/?s={search_term_string}\"},\"query-input\":{\"@type\":\"PropertyValueSpecification\",\"valueRequired\":true,\"valueName\":\"search_term_string\"}}],\"inLanguage\":\"fr-FR\"}]}<\/script>\n<!-- \/ Yoast SEO plugin. -->","yoast_head_json":{"title":"A quoi sert M\u00e9diagora ? - M\u00e9diagora Lyon","robots":{"index":"index","follow":"follow","max-snippet":"max-snippet:-1","max-image-preview":"max-image-preview:large","max-video-preview":"max-video-preview:-1"},"canonical":"https:\/\/mediagoras.fr\/lyon\/aide-anxiete-phobies\/","og_locale":"fr_FR","og_type":"article","og_title":"A quoi sert M\u00e9diagora ? - M\u00e9diagora Lyon","og_description":"Aider les anxieux et leurs entourages L\u2019association M\u00e9diagora a pour vocation de venir en aide aux personnes souffrant de troubles anxieux ou de phobies, que ces personnes soient en soin ou non. Elle a aussi vocation \u00e0 aider leurs proches. Le principe premier des membres de l\u2019association est un engagement b\u00e9n\u00e9vole; ce sont des personnes [&hellip;]","og_url":"https:\/\/mediagoras.fr\/lyon\/aide-anxiete-phobies\/","og_site_name":"M\u00e9diagora Lyon","article_modified_time":"2025-10-10T10:22:16+00:00","twitter_card":"summary_large_image","twitter_misc":{"Dur\u00e9e de lecture estim\u00e9e":"2 minutes"},"schema":{"@context":"https:\/\/schema.org","@graph":[{"@type":"WebPage","@id":"https:\/\/mediagoras.fr\/lyon\/aide-anxiete-phobies\/","url":"https:\/\/mediagoras.fr\/lyon\/aide-anxiete-phobies\/","name":"A quoi sert M\u00e9diagora ? - M\u00e9diagora Lyon","isPartOf":{"@id":"https:\/\/mediagoras.fr\/lyon\/#website"},"datePublished":"2025-10-09T22:51:14+00:00","dateModified":"2025-10-10T10:22:16+00:00","breadcrumb":{"@id":"https:\/\/mediagoras.fr\/lyon\/aide-anxiete-phobies\/#breadcrumb"},"inLanguage":"fr-FR","potentialAction":[{"@type":"ReadAction","target":["https:\/\/mediagoras.fr\/lyon\/aide-anxiete-phobies\/"]}]},{"@type":"BreadcrumbList","@id":"https:\/\/mediagoras.fr\/lyon\/aide-anxiete-phobies\/#breadcrumb","itemListElement":[{"@type":"ListItem","position":1,"name":"Accueil","item":"https:\/\/mediagoras.fr\/lyon\/"},{"@type":"ListItem","position":2,"name":"A quoi sert M\u00e9diagora ?"}]},{"@type":"WebSite","@id":"https:\/\/mediagoras.fr\/lyon\/#website","url":"https:\/\/mediagoras.fr\/lyon\/","name":"M\u00e9diagora Lyon","description":"Il n&#039;est jamais trop tard pour prendre contact","potentialAction":[{"@type":"SearchAction","target":{"@type":"EntryPoint","urlTemplate":"https:\/\/mediagoras.fr\/lyon\/?s={search_term_string}"},"query-input":{"@type":"PropertyValueSpecification","valueRequired":true,"valueName":"search_term_string"}}],"inLanguage":"fr-FR"}]}},"_links":{"self":[{"href":"https:\/\/mediagoras.fr\/lyon\/wp-json\/wp\/v2\/pages\/2002","targetHints":{"allow":["GET"]}}],"collection":[{"href":"https:\/\/mediagoras.fr\/lyon\/wp-json\/wp\/v2\/pages"}],"about":[{"href":"https:\/\/mediagoras.fr\/lyon\/wp-json\/wp\/v2\/types\/page"}],"author":[{"embeddable":true,"href":"https:\/\/mediagoras.fr\/lyon\/wp-json\/wp\/v2\/users\/13"}],"replies":[{"embeddable":true,"href":"https:\/\/mediagoras.fr\/lyon\/wp-json\/wp\/v2\/comments?post=2002"}],"version-history":[{"count":5,"href":"https:\/\/mediagoras.fr\/lyon\/wp-json\/wp\/v2\/pages\/2002\/revisions"}],"predecessor-version":[{"id":2830,"href":"https:\/\/mediagoras.fr\/lyon\/wp-json\/wp\/v2\/pages\/2002\/revisions\/2830"}],"wp:attachment":[{"href":"https:\/\/mediagoras.fr\/lyon\/wp-json\/wp\/v2\/media?parent=2002"}],"curies":[{"name":"wp","href":"https:\/\/api.w.org\/{rel}","templated":true}]}}