{"id":224,"date":"2023-01-22T00:03:36","date_gmt":"2023-01-21T23:03:36","guid":{"rendered":"http:\/\/mediagora.lyon.free.fr\/nouv-site\/?page_id=224"},"modified":"2023-01-23T16:06:14","modified_gmt":"2023-01-23T15:06:14","slug":"intervenants","status":"publish","type":"page","link":"https:\/\/mediagoras.fr\/lyon\/reunions-hebdomadaires\/intervenants\/","title":{"rendered":"Intervenants"},"content":{"rendered":"<p>Les intervenants mentionn\u00e9s ci-dessous interviennent + ou &#8211; r\u00e9guli\u00e8rement mais b\u00e9n\u00e9volement.<\/p>\n<h5 style=\"text-align: right;\">Derni\u00e8re mise \u00e0 jour de cette page le 22-01-2022<\/h5>\n<p>Pour la saison 2022-2023, nous avons la chance de b\u00e9n\u00e9ficier de la comp\u00e9tence de <a href=\"http:\/\/ahimsayoga-lyon.fr\/\" target=\"_blank\" rel=\"noopener\">Marie-Laure,\u00a0 professeure de Yoga.<\/a><\/p>\n<p>Mis \u00e0 part les s\u00e9ances de Yoga, certaines de nos r\u00e9unions sont anim\u00e9es par des intervenants\/conf\u00e9renciers ext\u00e9rieurs (psychiatres ou psychologues), mais la plupart des ateliers sont anim\u00e9s nous-m\u00eames (les membres les plus exp\u00e9riment\u00e9s).<\/p>\n<p>Sachant que lors des tours de table, chacun peut prendre la parole, soit pour parler de son exp\u00e9rience propre, soit pour pr\u00e9ciser (voire reprendre) ce qui vient d&rsquo;\u00eatre dit (si et seulement si il s&rsquo;agissait d&rsquo;un propos de port\u00e9e g\u00e9n\u00e9rale et non d&rsquo;un ressenti ou d&rsquo;une exp\u00e9rience personnelle). Par exemple quelqu&rsquo;un qui expose que tel \u00e9l\u00e9ment th\u00e9rapeutique (psychoth\u00e9rapie ou m\u00e9dicamentation ou autre) ne lui a pas convenu ne doit pas \u00eatre contredit, car il parle de son exp\u00e9rience perso. Par contre des propos de port\u00e9e g\u00e9n\u00e9rale tel que \u00ab\u00a0ce m\u00e9dicament et\/ou ce type de th\u00e9rapie, et\/ou Mr X ou Mme Z sont bons (ou mauvais)\u00a0\u00bb sans citation de sources, peuvent l&rsquo;\u00eatre.<\/p>\n","protected":false},"excerpt":{"rendered":"<p>Les intervenants mentionn\u00e9s ci-dessous interviennent + ou &#8211; r\u00e9guli\u00e8rement mais b\u00e9n\u00e9volement. Derni\u00e8re mise \u00e0 jour de cette page le 22-01-2022 Pour la saison 2022-2023, nous avons la chance de b\u00e9n\u00e9ficier de la comp\u00e9tence de Marie-Laure,\u00a0 professeure de Yoga. Mis \u00e0 &hellip; <a href=\"https:\/\/mediagoras.fr\/lyon\/reunions-hebdomadaires\/intervenants\/\">Continuer la lecture <span class=\"meta-nav\">&rarr;<\/span><\/a><\/p>\n","protected":false},"author":24,"featured_media":0,"parent":1184,"menu_order":0,"comment_status":"closed","ping_status":"closed","template":"","meta":{"footnotes":""},"class_list":["post-224","page","type-page","status-publish","hentry"],"yoast_head":"<!-- This site is optimized with the Yoast SEO plugin v27.4 - https:\/\/yoast.com\/product\/yoast-seo-wordpress\/ -->\n<title>Intervenants - M\u00e9diagora Lyon<\/title>\n<meta name=\"robots\" content=\"index, follow, max-snippet:-1, max-image-preview:large, max-video-preview:-1\" \/>\n<link rel=\"canonical\" href=\"https:\/\/mediagoras.fr\/lyon\/reunions-hebdomadaires\/intervenants\/\" \/>\n<meta property=\"og:locale\" content=\"fr_FR\" \/>\n<meta property=\"og:type\" content=\"article\" \/>\n<meta property=\"og:title\" content=\"Intervenants - M\u00e9diagora Lyon\" \/>\n<meta property=\"og:description\" content=\"Les intervenants mentionn\u00e9s ci-dessous interviennent + ou &#8211; r\u00e9guli\u00e8rement mais b\u00e9n\u00e9volement. Derni\u00e8re mise \u00e0 jour de cette page le 22-01-2022 Pour la saison 2022-2023, nous avons la chance de b\u00e9n\u00e9ficier de la comp\u00e9tence de Marie-Laure,\u00a0 professeure de Yoga. Mis \u00e0 &hellip; Continuer la lecture &rarr;\" \/>\n<meta property=\"og:url\" content=\"https:\/\/mediagoras.fr\/lyon\/reunions-hebdomadaires\/intervenants\/\" \/>\n<meta property=\"og:site_name\" content=\"M\u00e9diagora Lyon\" \/>\n<meta property=\"article:modified_time\" content=\"2023-01-23T15:06:14+00:00\" \/>\n<meta name=\"twitter:card\" content=\"summary_large_image\" \/>\n<meta name=\"twitter:label1\" content=\"Dur\u00e9e de lecture estim\u00e9e\" \/>\n\t<meta name=\"twitter:data1\" content=\"1 minute\" \/>\n<script type=\"application\/ld+json\" class=\"yoast-schema-graph\">{\"@context\":\"https:\\\/\\\/schema.org\",\"@graph\":[{\"@type\":\"WebPage\",\"@id\":\"https:\\\/\\\/mediagoras.fr\\\/lyon\\\/reunions-hebdomadaires\\\/intervenants\\\/\",\"url\":\"https:\\\/\\\/mediagoras.fr\\\/lyon\\\/reunions-hebdomadaires\\\/intervenants\\\/\",\"name\":\"Intervenants - M\u00e9diagora Lyon\",\"isPartOf\":{\"@id\":\"https:\\\/\\\/mediagoras.fr\\\/lyon\\\/#website\"},\"datePublished\":\"2023-01-21T23:03:36+00:00\",\"dateModified\":\"2023-01-23T15:06:14+00:00\",\"breadcrumb\":{\"@id\":\"https:\\\/\\\/mediagoras.fr\\\/lyon\\\/reunions-hebdomadaires\\\/intervenants\\\/#breadcrumb\"},\"inLanguage\":\"fr-FR\",\"potentialAction\":[{\"@type\":\"ReadAction\",\"target\":[\"https:\\\/\\\/mediagoras.fr\\\/lyon\\\/reunions-hebdomadaires\\\/intervenants\\\/\"]}]},{\"@type\":\"BreadcrumbList\",\"@id\":\"https:\\\/\\\/mediagoras.fr\\\/lyon\\\/reunions-hebdomadaires\\\/intervenants\\\/#breadcrumb\",\"itemListElement\":[{\"@type\":\"ListItem\",\"position\":1,\"name\":\"Accueil\",\"item\":\"https:\\\/\\\/mediagoras.fr\\\/lyon\\\/\"},{\"@type\":\"ListItem\",\"position\":2,\"name\":\"Les r\u00e9unions de M\u00e9diagora Lyon\",\"item\":\"https:\\\/\\\/mediagoras.fr\\\/lyon\\\/reunions-hebdomadaires\\\/\"},{\"@type\":\"ListItem\",\"position\":3,\"name\":\"Intervenants\"}]},{\"@type\":\"WebSite\",\"@id\":\"https:\\\/\\\/mediagoras.fr\\\/lyon\\\/#website\",\"url\":\"https:\\\/\\\/mediagoras.fr\\\/lyon\\\/\",\"name\":\"M\u00e9diagora Lyon\",\"description\":\"Il n&#039;est jamais trop tard pour prendre contact\",\"potentialAction\":[{\"@type\":\"SearchAction\",\"target\":{\"@type\":\"EntryPoint\",\"urlTemplate\":\"https:\\\/\\\/mediagoras.fr\\\/lyon\\\/?s={search_term_string}\"},\"query-input\":{\"@type\":\"PropertyValueSpecification\",\"valueRequired\":true,\"valueName\":\"search_term_string\"}}],\"inLanguage\":\"fr-FR\"}]}<\/script>\n<!-- \/ Yoast SEO plugin. -->","yoast_head_json":{"title":"Intervenants - M\u00e9diagora Lyon","robots":{"index":"index","follow":"follow","max-snippet":"max-snippet:-1","max-image-preview":"max-image-preview:large","max-video-preview":"max-video-preview:-1"},"canonical":"https:\/\/mediagoras.fr\/lyon\/reunions-hebdomadaires\/intervenants\/","og_locale":"fr_FR","og_type":"article","og_title":"Intervenants - M\u00e9diagora Lyon","og_description":"Les intervenants mentionn\u00e9s ci-dessous interviennent + ou &#8211; r\u00e9guli\u00e8rement mais b\u00e9n\u00e9volement. Derni\u00e8re mise \u00e0 jour de cette page le 22-01-2022 Pour la saison 2022-2023, nous avons la chance de b\u00e9n\u00e9ficier de la comp\u00e9tence de Marie-Laure,\u00a0 professeure de Yoga. Mis \u00e0 &hellip; Continuer la lecture &rarr;","og_url":"https:\/\/mediagoras.fr\/lyon\/reunions-hebdomadaires\/intervenants\/","og_site_name":"M\u00e9diagora Lyon","article_modified_time":"2023-01-23T15:06:14+00:00","twitter_card":"summary_large_image","twitter_misc":{"Dur\u00e9e de lecture estim\u00e9e":"1 minute"},"schema":{"@context":"https:\/\/schema.org","@graph":[{"@type":"WebPage","@id":"https:\/\/mediagoras.fr\/lyon\/reunions-hebdomadaires\/intervenants\/","url":"https:\/\/mediagoras.fr\/lyon\/reunions-hebdomadaires\/intervenants\/","name":"Intervenants - M\u00e9diagora Lyon","isPartOf":{"@id":"https:\/\/mediagoras.fr\/lyon\/#website"},"datePublished":"2023-01-21T23:03:36+00:00","dateModified":"2023-01-23T15:06:14+00:00","breadcrumb":{"@id":"https:\/\/mediagoras.fr\/lyon\/reunions-hebdomadaires\/intervenants\/#breadcrumb"},"inLanguage":"fr-FR","potentialAction":[{"@type":"ReadAction","target":["https:\/\/mediagoras.fr\/lyon\/reunions-hebdomadaires\/intervenants\/"]}]},{"@type":"BreadcrumbList","@id":"https:\/\/mediagoras.fr\/lyon\/reunions-hebdomadaires\/intervenants\/#breadcrumb","itemListElement":[{"@type":"ListItem","position":1,"name":"Accueil","item":"https:\/\/mediagoras.fr\/lyon\/"},{"@type":"ListItem","position":2,"name":"Les r\u00e9unions de M\u00e9diagora Lyon","item":"https:\/\/mediagoras.fr\/lyon\/reunions-hebdomadaires\/"},{"@type":"ListItem","position":3,"name":"Intervenants"}]},{"@type":"WebSite","@id":"https:\/\/mediagoras.fr\/lyon\/#website","url":"https:\/\/mediagoras.fr\/lyon\/","name":"M\u00e9diagora Lyon","description":"Il n&#039;est jamais trop tard pour prendre contact","potentialAction":[{"@type":"SearchAction","target":{"@type":"EntryPoint","urlTemplate":"https:\/\/mediagoras.fr\/lyon\/?s={search_term_string}"},"query-input":{"@type":"PropertyValueSpecification","valueRequired":true,"valueName":"search_term_string"}}],"inLanguage":"fr-FR"}]}},"_links":{"self":[{"href":"https:\/\/mediagoras.fr\/lyon\/wp-json\/wp\/v2\/pages\/224","targetHints":{"allow":["GET"]}}],"collection":[{"href":"https:\/\/mediagoras.fr\/lyon\/wp-json\/wp\/v2\/pages"}],"about":[{"href":"https:\/\/mediagoras.fr\/lyon\/wp-json\/wp\/v2\/types\/page"}],"author":[{"embeddable":true,"href":"https:\/\/mediagoras.fr\/lyon\/wp-json\/wp\/v2\/users\/24"}],"replies":[{"embeddable":true,"href":"https:\/\/mediagoras.fr\/lyon\/wp-json\/wp\/v2\/comments?post=224"}],"version-history":[{"count":11,"href":"https:\/\/mediagoras.fr\/lyon\/wp-json\/wp\/v2\/pages\/224\/revisions"}],"predecessor-version":[{"id":2622,"href":"https:\/\/mediagoras.fr\/lyon\/wp-json\/wp\/v2\/pages\/224\/revisions\/2622"}],"up":[{"embeddable":true,"href":"https:\/\/mediagoras.fr\/lyon\/wp-json\/wp\/v2\/pages\/1184"}],"wp:attachment":[{"href":"https:\/\/mediagoras.fr\/lyon\/wp-json\/wp\/v2\/media?parent=224"}],"curies":[{"name":"wp","href":"https:\/\/api.w.org\/{rel}","templated":true}]}}