{"id":2474,"date":"2022-01-25T00:07:00","date_gmt":"2022-01-24T23:07:00","guid":{"rendered":"http:\/\/mediagoras.fr\/lyon\/?page_id=2474"},"modified":"2022-04-08T18:26:29","modified_gmt":"2022-04-08T16:26:29","slug":"formulaire-dadhesion","status":"publish","type":"page","link":"https:\/\/mediagoras.fr\/lyon\/formulaire-dadhesion\/","title":{"rendered":"Formulaire d&rsquo;adh\u00e9sion"},"content":{"rendered":"<p><strong>Si vous souhaitez seulement prendre contact, veuillez utiliser le menu <a href=\"https:\/\/mediagoras.fr\/lyon\/nous-contacter\/\">CONTACTS<\/a><\/strong><\/p>\n<p>Une premi\u00e8re visite n&rsquo;engage pas \u00e0 adh\u00e9rer : vous avez la possibilit\u00e9 de nous rencontrer, de voir comment se passe une r\u00e9union et de r\u00e9fl\u00e9chir avant de vous engager \u00e0 \u00e0 suivre ou non, nos ateliers.<\/p>\n<p>Si vous souhaitez adh\u00e9rer ou\/et faire un don \u00e0 l&rsquo;association , cliquez sur le lien suivant :<\/p>\n<p><a href=\"https:\/\/www.helloasso.com\/associations\/mediagora-lyon\/adhesions\/formlaire-d-adhesion\" target=\"_blank\" rel=\"noopener noreferrer\" data-saferedirecturl=\"https:\/\/www.google.com\/url?q=https:\/\/www.helloasso.com\/associations\/mediagora-lyon\/adhesions\/formlaire-d-adhesion&amp;source=gmail&amp;ust=1649520004064000&amp;usg=AOvVaw1teKaqdiqfj-3vP-mfJk6S\"><strong>https:\/\/www.helloasso.com\/associations\/mediagora-lyon\/adhesions\/formlaire-d-adhesion<\/strong><\/a><\/p>\n<p>En adh\u00e9rant, vous acceptez de respecter <a href=\"\/lyon\/connaitre-mediagora\/nos-statuts\/\">nos statuts<\/a> et notre <a href=\"\/lyon\/connaitre-mediagora\/reglement-interieur\/\">r\u00e8glement int\u00e9rieur.<\/a><\/p>\n<p>Nous vous remercions de votre soutien et de votre confiance,<\/p>\n<p>Cordialement,<\/p>\n<p>Le bureau de M\u00e9diagora Lyon<\/p>\n","protected":false},"excerpt":{"rendered":"<p>Si vous souhaitez seulement prendre contact, veuillez utiliser le menu CONTACTS Une premi\u00e8re visite n&rsquo;engage pas \u00e0 adh\u00e9rer : vous avez la possibilit\u00e9 de nous rencontrer, de voir comment se passe une r\u00e9union et de r\u00e9fl\u00e9chir avant de vous engager \u00e0 \u00e0 suivre ou non, nos ateliers. Si vous souhaitez adh\u00e9rer ou\/et faire un don [&hellip;]<\/p>\n","protected":false},"author":1,"featured_media":0,"parent":0,"menu_order":0,"comment_status":"closed","ping_status":"closed","template":"","meta":{"_et_pb_use_builder":"","_et_pb_old_content":"","_et_gb_content_width":"","footnotes":""},"class_list":["post-2474","page","type-page","status-publish","hentry"],"yoast_head":"<!-- This site is optimized with the Yoast SEO plugin v27.5 - https:\/\/yoast.com\/product\/yoast-seo-wordpress\/ -->\n<title>Formulaire d&#039;adh\u00e9sion - M\u00e9diagora Lyon<\/title>\n<meta name=\"robots\" content=\"index, follow, max-snippet:-1, max-image-preview:large, max-video-preview:-1\" \/>\n<link rel=\"canonical\" href=\"https:\/\/mediagoras.fr\/lyon\/formulaire-dadhesion\/\" \/>\n<meta property=\"og:locale\" content=\"fr_FR\" \/>\n<meta property=\"og:type\" content=\"article\" \/>\n<meta property=\"og:title\" content=\"Formulaire d&#039;adh\u00e9sion - M\u00e9diagora Lyon\" \/>\n<meta property=\"og:description\" content=\"Si vous souhaitez seulement prendre contact, veuillez utiliser le menu CONTACTS Une premi\u00e8re visite n&rsquo;engage pas \u00e0 adh\u00e9rer : vous avez la possibilit\u00e9 de nous rencontrer, de voir comment se passe une r\u00e9union et de r\u00e9fl\u00e9chir avant de vous engager \u00e0 \u00e0 suivre ou non, nos ateliers. Si vous souhaitez adh\u00e9rer ou\/et faire un don [&hellip;]\" \/>\n<meta property=\"og:url\" content=\"https:\/\/mediagoras.fr\/lyon\/formulaire-dadhesion\/\" \/>\n<meta property=\"og:site_name\" content=\"M\u00e9diagora Lyon\" \/>\n<meta property=\"article:modified_time\" content=\"2022-04-08T16:26:29+00:00\" \/>\n<meta name=\"twitter:card\" content=\"summary_large_image\" \/>\n<meta name=\"twitter:label1\" content=\"Dur\u00e9e de lecture estim\u00e9e\" \/>\n\t<meta name=\"twitter:data1\" content=\"1 minute\" \/>\n<script type=\"application\/ld+json\" class=\"yoast-schema-graph\">{\"@context\":\"https:\\\/\\\/schema.org\",\"@graph\":[{\"@type\":\"WebPage\",\"@id\":\"https:\\\/\\\/mediagoras.fr\\\/lyon\\\/formulaire-dadhesion\\\/\",\"url\":\"https:\\\/\\\/mediagoras.fr\\\/lyon\\\/formulaire-dadhesion\\\/\",\"name\":\"Formulaire d'adh\u00e9sion - M\u00e9diagora Lyon\",\"isPartOf\":{\"@id\":\"https:\\\/\\\/mediagoras.fr\\\/lyon\\\/#website\"},\"datePublished\":\"2022-01-24T23:07:00+00:00\",\"dateModified\":\"2022-04-08T16:26:29+00:00\",\"breadcrumb\":{\"@id\":\"https:\\\/\\\/mediagoras.fr\\\/lyon\\\/formulaire-dadhesion\\\/#breadcrumb\"},\"inLanguage\":\"fr-FR\",\"potentialAction\":[{\"@type\":\"ReadAction\",\"target\":[\"https:\\\/\\\/mediagoras.fr\\\/lyon\\\/formulaire-dadhesion\\\/\"]}]},{\"@type\":\"BreadcrumbList\",\"@id\":\"https:\\\/\\\/mediagoras.fr\\\/lyon\\\/formulaire-dadhesion\\\/#breadcrumb\",\"itemListElement\":[{\"@type\":\"ListItem\",\"position\":1,\"name\":\"Accueil\",\"item\":\"https:\\\/\\\/mediagoras.fr\\\/lyon\\\/\"},{\"@type\":\"ListItem\",\"position\":2,\"name\":\"Formulaire d&rsquo;adh\u00e9sion\"}]},{\"@type\":\"WebSite\",\"@id\":\"https:\\\/\\\/mediagoras.fr\\\/lyon\\\/#website\",\"url\":\"https:\\\/\\\/mediagoras.fr\\\/lyon\\\/\",\"name\":\"M\u00e9diagora Lyon\",\"description\":\"Il n&#039;est jamais trop tard pour prendre contact\",\"potentialAction\":[{\"@type\":\"SearchAction\",\"target\":{\"@type\":\"EntryPoint\",\"urlTemplate\":\"https:\\\/\\\/mediagoras.fr\\\/lyon\\\/?s={search_term_string}\"},\"query-input\":{\"@type\":\"PropertyValueSpecification\",\"valueRequired\":true,\"valueName\":\"search_term_string\"}}],\"inLanguage\":\"fr-FR\"}]}<\/script>\n<!-- \/ Yoast SEO plugin. -->","yoast_head_json":{"title":"Formulaire d'adh\u00e9sion - M\u00e9diagora Lyon","robots":{"index":"index","follow":"follow","max-snippet":"max-snippet:-1","max-image-preview":"max-image-preview:large","max-video-preview":"max-video-preview:-1"},"canonical":"https:\/\/mediagoras.fr\/lyon\/formulaire-dadhesion\/","og_locale":"fr_FR","og_type":"article","og_title":"Formulaire d'adh\u00e9sion - M\u00e9diagora Lyon","og_description":"Si vous souhaitez seulement prendre contact, veuillez utiliser le menu CONTACTS Une premi\u00e8re visite n&rsquo;engage pas \u00e0 adh\u00e9rer : vous avez la possibilit\u00e9 de nous rencontrer, de voir comment se passe une r\u00e9union et de r\u00e9fl\u00e9chir avant de vous engager \u00e0 \u00e0 suivre ou non, nos ateliers. Si vous souhaitez adh\u00e9rer ou\/et faire un don [&hellip;]","og_url":"https:\/\/mediagoras.fr\/lyon\/formulaire-dadhesion\/","og_site_name":"M\u00e9diagora Lyon","article_modified_time":"2022-04-08T16:26:29+00:00","twitter_card":"summary_large_image","twitter_misc":{"Dur\u00e9e de lecture estim\u00e9e":"1 minute"},"schema":{"@context":"https:\/\/schema.org","@graph":[{"@type":"WebPage","@id":"https:\/\/mediagoras.fr\/lyon\/formulaire-dadhesion\/","url":"https:\/\/mediagoras.fr\/lyon\/formulaire-dadhesion\/","name":"Formulaire d'adh\u00e9sion - M\u00e9diagora Lyon","isPartOf":{"@id":"https:\/\/mediagoras.fr\/lyon\/#website"},"datePublished":"2022-01-24T23:07:00+00:00","dateModified":"2022-04-08T16:26:29+00:00","breadcrumb":{"@id":"https:\/\/mediagoras.fr\/lyon\/formulaire-dadhesion\/#breadcrumb"},"inLanguage":"fr-FR","potentialAction":[{"@type":"ReadAction","target":["https:\/\/mediagoras.fr\/lyon\/formulaire-dadhesion\/"]}]},{"@type":"BreadcrumbList","@id":"https:\/\/mediagoras.fr\/lyon\/formulaire-dadhesion\/#breadcrumb","itemListElement":[{"@type":"ListItem","position":1,"name":"Accueil","item":"https:\/\/mediagoras.fr\/lyon\/"},{"@type":"ListItem","position":2,"name":"Formulaire d&rsquo;adh\u00e9sion"}]},{"@type":"WebSite","@id":"https:\/\/mediagoras.fr\/lyon\/#website","url":"https:\/\/mediagoras.fr\/lyon\/","name":"M\u00e9diagora Lyon","description":"Il n&#039;est jamais trop tard pour prendre contact","potentialAction":[{"@type":"SearchAction","target":{"@type":"EntryPoint","urlTemplate":"https:\/\/mediagoras.fr\/lyon\/?s={search_term_string}"},"query-input":{"@type":"PropertyValueSpecification","valueRequired":true,"valueName":"search_term_string"}}],"inLanguage":"fr-FR"}]}},"_links":{"self":[{"href":"https:\/\/mediagoras.fr\/lyon\/wp-json\/wp\/v2\/pages\/2474","targetHints":{"allow":["GET"]}}],"collection":[{"href":"https:\/\/mediagoras.fr\/lyon\/wp-json\/wp\/v2\/pages"}],"about":[{"href":"https:\/\/mediagoras.fr\/lyon\/wp-json\/wp\/v2\/types\/page"}],"author":[{"embeddable":true,"href":"https:\/\/mediagoras.fr\/lyon\/wp-json\/wp\/v2\/users\/1"}],"replies":[{"embeddable":true,"href":"https:\/\/mediagoras.fr\/lyon\/wp-json\/wp\/v2\/comments?post=2474"}],"version-history":[{"count":11,"href":"https:\/\/mediagoras.fr\/lyon\/wp-json\/wp\/v2\/pages\/2474\/revisions"}],"predecessor-version":[{"id":2529,"href":"https:\/\/mediagoras.fr\/lyon\/wp-json\/wp\/v2\/pages\/2474\/revisions\/2529"}],"wp:attachment":[{"href":"https:\/\/mediagoras.fr\/lyon\/wp-json\/wp\/v2\/media?parent=2474"}],"curies":[{"name":"wp","href":"https:\/\/api.w.org\/{rel}","templated":true}]}}