{"id":2761,"date":"2025-04-06T12:46:02","date_gmt":"2025-04-06T10:46:02","guid":{"rendered":"https:\/\/mediagoras.fr\/lyon\/?page_id=2761"},"modified":"2025-04-20T10:34:01","modified_gmt":"2025-04-20T08:34:01","slug":"inscription-atelier-du-26-4","status":"publish","type":"page","link":"https:\/\/mediagoras.fr\/lyon\/inscription-atelier-du-26-4\/","title":{"rendered":"Inscription Atelier du 26-4"},"content":{"rendered":"<p>Attention !\u00a0 Etant donn\u00e9 le grand nombre de personnes d\u00e9j\u00e0 inscrites en visio, les nouveaux inscrits en visio seront plac\u00e9s en liste d&rsquo;attente.<\/p>\n<p>Pour les personnes venant en pr\u00e9sentiel, il reste tr\u00e8s peu de places disponibles. Si nous devions l\u00e0-aussi restreindre les inscriptions, vous recevrez un courriel vous indiquant votre position en liste d&rsquo;attente.<\/p>\n\n<div class=\"wpcf7 no-js\" id=\"wpcf7-f1412-o1\" lang=\"en-US\" dir=\"ltr\" data-wpcf7-id=\"1412\">\n<div class=\"screen-reader-response\"><p role=\"status\" aria-live=\"polite\" aria-atomic=\"true\"><\/p> <ul><\/ul><\/div>\n<form action=\"\/lyon\/wp-json\/wp\/v2\/pages\/2761#wpcf7-f1412-o1\" method=\"post\" class=\"wpcf7-form init\" aria-label=\"Contact form\" novalidate=\"novalidate\" data-status=\"init\">\n<fieldset class=\"hidden-fields-container\"><input type=\"hidden\" name=\"_wpcf7\" value=\"1412\" \/><input type=\"hidden\" name=\"_wpcf7_version\" value=\"6.1.5\" \/><input type=\"hidden\" name=\"_wpcf7_locale\" value=\"en_US\" \/><input type=\"hidden\" name=\"_wpcf7_unit_tag\" value=\"wpcf7-f1412-o1\" \/><input type=\"hidden\" name=\"_wpcf7_container_post\" value=\"0\" \/><input type=\"hidden\" name=\"_wpcf7_posted_data_hash\" value=\"\" \/><input type=\"hidden\" name=\"_wpcf7_recaptcha_response\" value=\"\" \/>\n<\/fieldset>\n<p>Politesse : <span class=\"wpcf7-form-control-wrap\" data-name=\"genre\"><select class=\"wpcf7-form-control wpcf7-select\" aria-invalid=\"false\" name=\"genre\"><option value=\"\">&#8212;Please choose an option&#8212;<\/option><option value=\"Mme\">Mme<\/option><option value=\"Mlle\">Mlle<\/option><option value=\"Mr\">Mr<\/option><\/select><\/span>\n<\/p>\n<p>Votre nom* (ou pseudo) : <span class=\"wpcf7-form-control-wrap\" data-name=\"nom\"><input size=\"40\" maxlength=\"400\" class=\"wpcf7-form-control wpcf7-text wpcf7-validates-as-required\" aria-required=\"true\" aria-invalid=\"false\" value=\"\" type=\"text\" name=\"nom\" \/><\/span>\n<\/p>\n<p>Votre pr\u00e9nom : <span class=\"wpcf7-form-control-wrap\" data-name=\"prenom\"><input size=\"40\" maxlength=\"400\" class=\"wpcf7-form-control wpcf7-text\" aria-invalid=\"false\" value=\"\" type=\"text\" name=\"prenom\" \/><\/span>\n<\/p>\n<p>Votre adresse de courriel* :\n<\/p>\n<p><span class=\"wpcf7-form-control-wrap\" data-name=\"courriel\"><input size=\"40\" maxlength=\"400\" class=\"wpcf7-form-control wpcf7-email wpcf7-validates-as-required wpcf7-text wpcf7-validates-as-email\" aria-required=\"true\" aria-invalid=\"false\" value=\"\" type=\"email\" name=\"courriel\" \/><\/span>\n<\/p>\n<p>Votre t\u00e9l\u00e9phone : <span class=\"wpcf7-form-control-wrap\" data-name=\"tel\"><input size=\"40\" maxlength=\"400\" class=\"wpcf7-form-control wpcf7-text\" aria-invalid=\"false\" value=\"\" type=\"text\" name=\"tel\" \/><\/span>\n<\/p>\n<p> Viendra* : <span class=\"wpcf7-form-control-wrap\" data-name=\"checkbox-780\"><span class=\"wpcf7-form-control wpcf7-checkbox wpcf7-validates-as-required\"><span class=\"wpcf7-list-item first\"><input type=\"checkbox\" name=\"checkbox-780[]\" value=\"En pr\u00e9senciel\" \/><span class=\"wpcf7-list-item-label\">En pr\u00e9senciel<\/span><\/span><span class=\"wpcf7-list-item last\"><input type=\"checkbox\" name=\"checkbox-780[]\" value=\"En distanciel (par visio)\" \/><span class=\"wpcf7-list-item-label\">En distanciel (par visio)<\/span><\/span><\/span><\/span>\n<\/p>\n<p>Accompagnement* : <span class=\"wpcf7-form-control-wrap\" data-name=\"typeparticip\"><select class=\"wpcf7-form-control wpcf7-select wpcf7-validates-as-required\" aria-required=\"true\" aria-invalid=\"false\" name=\"typeparticip\"><option value=\"\">&#8212;Please choose an option&#8212;<\/option><option value=\"Seul(e)\">Seul(e)<\/option><option value=\"Accompagn\u00e9(e) d&#039;une personne\">Accompagn\u00e9(e) d&#039;une personne<\/option><\/select><\/span>\n<\/p>\n<p> J'ai \u00e9t\u00e9 inform\u00e9 par* : <span class=\"wpcf7-form-control-wrap\" data-name=\"origine\"><select class=\"wpcf7-form-control wpcf7-select wpcf7-validates-as-required\" aria-required=\"true\" aria-invalid=\"false\" name=\"origine\"><option value=\"\">&#8212;Please choose an option&#8212;<\/option><option value=\"Le site web Mediagoras.fr\">Le site web Mediagoras.fr<\/option><option value=\"Le site web de Mediagora Lyon\">Le site web de Mediagora Lyon<\/option><option value=\"R\u00e9seau social de Mediagora\">R\u00e9seau social de Mediagora<\/option><option value=\"&#039;Revivre France&#039;\">&#039;Revivre France&#039;<\/option><option value=\"&#039;S&#039;en Sortir&#039;\">&#039;S&#039;en Sortir&#039;<\/option><option value=\"Autre source\">Autre source<\/option><\/select><\/span>\n<\/p>\n<p>Votre message :\n<\/p>\n<p><span class=\"wpcf7-form-control-wrap\" data-name=\"your-message\"><textarea cols=\"40\" rows=\"10\" maxlength=\"2000\" class=\"wpcf7-form-control wpcf7-textarea\" aria-invalid=\"false\" name=\"your-message\"><\/textarea><\/span>\n<\/p>\n<p><input class=\"wpcf7-form-control wpcf7-submit has-spinner\" type=\"submit\" value=\"Envoyer\" \/>\n<\/p>\n<p>Version 1.2\n<\/p><p style=\"display: none !important;\" class=\"akismet-fields-container\" data-prefix=\"_wpcf7_ak_\"><label>&#916;<textarea name=\"_wpcf7_ak_hp_textarea\" cols=\"45\" rows=\"8\" maxlength=\"100\"><\/textarea><\/label><input type=\"hidden\" id=\"ak_js_1\" name=\"_wpcf7_ak_js\" value=\"173\"\/><script>document.getElementById( \"ak_js_1\" ).setAttribute( \"value\", ( new Date() ).getTime() );<\/script><\/p><div class=\"wpcf7-response-output\" aria-hidden=\"true\"><\/div>\n<\/form>\n<\/div>\n\n","protected":false},"excerpt":{"rendered":"<p>Attention !\u00a0 Etant donn\u00e9 le grand nombre de personnes d\u00e9j\u00e0 inscrites en visio, les nouveaux inscrits en visio seront plac\u00e9s en liste d&rsquo;attente. Pour les personnes venant en pr\u00e9sentiel, il reste tr\u00e8s peu de places disponibles. Si nous devions l\u00e0-aussi &hellip; <a href=\"https:\/\/mediagoras.fr\/lyon\/inscription-atelier-du-26-4\/\">Continuer la lecture <span class=\"meta-nav\">&rarr;<\/span><\/a><\/p>\n","protected":false},"author":1,"featured_media":0,"parent":0,"menu_order":0,"comment_status":"closed","ping_status":"closed","template":"","meta":{"footnotes":""},"class_list":["post-2761","page","type-page","status-publish","hentry"],"yoast_head":"<!-- This site is optimized with the Yoast SEO plugin v27.4 - https:\/\/yoast.com\/product\/yoast-seo-wordpress\/ -->\n<title>Inscription Atelier du 26-4 - M\u00e9diagora Lyon<\/title>\n<meta name=\"robots\" content=\"index, follow, max-snippet:-1, max-image-preview:large, max-video-preview:-1\" \/>\n<link rel=\"canonical\" href=\"https:\/\/mediagoras.fr\/lyon\/inscription-atelier-du-26-4\/\" \/>\n<meta property=\"og:locale\" content=\"fr_FR\" \/>\n<meta property=\"og:type\" content=\"article\" \/>\n<meta property=\"og:title\" content=\"Inscription Atelier du 26-4 - M\u00e9diagora Lyon\" \/>\n<meta property=\"og:description\" content=\"Attention !\u00a0 Etant donn\u00e9 le grand nombre de personnes d\u00e9j\u00e0 inscrites en visio, les nouveaux inscrits en visio seront plac\u00e9s en liste d&rsquo;attente. Pour les personnes venant en pr\u00e9sentiel, il reste tr\u00e8s peu de places disponibles. Si nous devions l\u00e0-aussi &hellip; Continuer la lecture &rarr;\" \/>\n<meta property=\"og:url\" content=\"https:\/\/mediagoras.fr\/lyon\/inscription-atelier-du-26-4\/\" \/>\n<meta property=\"og:site_name\" content=\"M\u00e9diagora Lyon\" \/>\n<meta property=\"article:modified_time\" content=\"2025-04-20T08:34:01+00:00\" \/>\n<meta name=\"twitter:card\" content=\"summary_large_image\" \/>\n<meta name=\"twitter:label1\" content=\"Dur\u00e9e de lecture estim\u00e9e\" \/>\n\t<meta name=\"twitter:data1\" content=\"1 minute\" \/>\n<script type=\"application\/ld+json\" class=\"yoast-schema-graph\">{\"@context\":\"https:\\\/\\\/schema.org\",\"@graph\":[{\"@type\":\"WebPage\",\"@id\":\"https:\\\/\\\/mediagoras.fr\\\/lyon\\\/inscription-atelier-du-26-4\\\/\",\"url\":\"https:\\\/\\\/mediagoras.fr\\\/lyon\\\/inscription-atelier-du-26-4\\\/\",\"name\":\"Inscription Atelier du 26-4 - M\u00e9diagora Lyon\",\"isPartOf\":{\"@id\":\"https:\\\/\\\/mediagoras.fr\\\/lyon\\\/#website\"},\"datePublished\":\"2025-04-06T10:46:02+00:00\",\"dateModified\":\"2025-04-20T08:34:01+00:00\",\"breadcrumb\":{\"@id\":\"https:\\\/\\\/mediagoras.fr\\\/lyon\\\/inscription-atelier-du-26-4\\\/#breadcrumb\"},\"inLanguage\":\"fr-FR\",\"potentialAction\":[{\"@type\":\"ReadAction\",\"target\":[\"https:\\\/\\\/mediagoras.fr\\\/lyon\\\/inscription-atelier-du-26-4\\\/\"]}]},{\"@type\":\"BreadcrumbList\",\"@id\":\"https:\\\/\\\/mediagoras.fr\\\/lyon\\\/inscription-atelier-du-26-4\\\/#breadcrumb\",\"itemListElement\":[{\"@type\":\"ListItem\",\"position\":1,\"name\":\"Accueil\",\"item\":\"https:\\\/\\\/mediagoras.fr\\\/lyon\\\/\"},{\"@type\":\"ListItem\",\"position\":2,\"name\":\"Inscription Atelier du 26-4\"}]},{\"@type\":\"WebSite\",\"@id\":\"https:\\\/\\\/mediagoras.fr\\\/lyon\\\/#website\",\"url\":\"https:\\\/\\\/mediagoras.fr\\\/lyon\\\/\",\"name\":\"M\u00e9diagora Lyon\",\"description\":\"Il n&#039;est jamais trop tard pour prendre contact\",\"potentialAction\":[{\"@type\":\"SearchAction\",\"target\":{\"@type\":\"EntryPoint\",\"urlTemplate\":\"https:\\\/\\\/mediagoras.fr\\\/lyon\\\/?s={search_term_string}\"},\"query-input\":{\"@type\":\"PropertyValueSpecification\",\"valueRequired\":true,\"valueName\":\"search_term_string\"}}],\"inLanguage\":\"fr-FR\"}]}<\/script>\n<!-- \/ Yoast SEO plugin. -->","yoast_head_json":{"title":"Inscription Atelier du 26-4 - M\u00e9diagora Lyon","robots":{"index":"index","follow":"follow","max-snippet":"max-snippet:-1","max-image-preview":"max-image-preview:large","max-video-preview":"max-video-preview:-1"},"canonical":"https:\/\/mediagoras.fr\/lyon\/inscription-atelier-du-26-4\/","og_locale":"fr_FR","og_type":"article","og_title":"Inscription Atelier du 26-4 - M\u00e9diagora Lyon","og_description":"Attention !\u00a0 Etant donn\u00e9 le grand nombre de personnes d\u00e9j\u00e0 inscrites en visio, les nouveaux inscrits en visio seront plac\u00e9s en liste d&rsquo;attente. Pour les personnes venant en pr\u00e9sentiel, il reste tr\u00e8s peu de places disponibles. Si nous devions l\u00e0-aussi &hellip; Continuer la lecture &rarr;","og_url":"https:\/\/mediagoras.fr\/lyon\/inscription-atelier-du-26-4\/","og_site_name":"M\u00e9diagora Lyon","article_modified_time":"2025-04-20T08:34:01+00:00","twitter_card":"summary_large_image","twitter_misc":{"Dur\u00e9e de lecture estim\u00e9e":"1 minute"},"schema":{"@context":"https:\/\/schema.org","@graph":[{"@type":"WebPage","@id":"https:\/\/mediagoras.fr\/lyon\/inscription-atelier-du-26-4\/","url":"https:\/\/mediagoras.fr\/lyon\/inscription-atelier-du-26-4\/","name":"Inscription Atelier du 26-4 - M\u00e9diagora Lyon","isPartOf":{"@id":"https:\/\/mediagoras.fr\/lyon\/#website"},"datePublished":"2025-04-06T10:46:02+00:00","dateModified":"2025-04-20T08:34:01+00:00","breadcrumb":{"@id":"https:\/\/mediagoras.fr\/lyon\/inscription-atelier-du-26-4\/#breadcrumb"},"inLanguage":"fr-FR","potentialAction":[{"@type":"ReadAction","target":["https:\/\/mediagoras.fr\/lyon\/inscription-atelier-du-26-4\/"]}]},{"@type":"BreadcrumbList","@id":"https:\/\/mediagoras.fr\/lyon\/inscription-atelier-du-26-4\/#breadcrumb","itemListElement":[{"@type":"ListItem","position":1,"name":"Accueil","item":"https:\/\/mediagoras.fr\/lyon\/"},{"@type":"ListItem","position":2,"name":"Inscription Atelier du 26-4"}]},{"@type":"WebSite","@id":"https:\/\/mediagoras.fr\/lyon\/#website","url":"https:\/\/mediagoras.fr\/lyon\/","name":"M\u00e9diagora Lyon","description":"Il n&#039;est jamais trop tard pour prendre contact","potentialAction":[{"@type":"SearchAction","target":{"@type":"EntryPoint","urlTemplate":"https:\/\/mediagoras.fr\/lyon\/?s={search_term_string}"},"query-input":{"@type":"PropertyValueSpecification","valueRequired":true,"valueName":"search_term_string"}}],"inLanguage":"fr-FR"}]}},"_links":{"self":[{"href":"https:\/\/mediagoras.fr\/lyon\/wp-json\/wp\/v2\/pages\/2761","targetHints":{"allow":["GET"]}}],"collection":[{"href":"https:\/\/mediagoras.fr\/lyon\/wp-json\/wp\/v2\/pages"}],"about":[{"href":"https:\/\/mediagoras.fr\/lyon\/wp-json\/wp\/v2\/types\/page"}],"author":[{"embeddable":true,"href":"https:\/\/mediagoras.fr\/lyon\/wp-json\/wp\/v2\/users\/1"}],"replies":[{"embeddable":true,"href":"https:\/\/mediagoras.fr\/lyon\/wp-json\/wp\/v2\/comments?post=2761"}],"version-history":[{"count":3,"href":"https:\/\/mediagoras.fr\/lyon\/wp-json\/wp\/v2\/pages\/2761\/revisions"}],"predecessor-version":[{"id":2776,"href":"https:\/\/mediagoras.fr\/lyon\/wp-json\/wp\/v2\/pages\/2761\/revisions\/2776"}],"wp:attachment":[{"href":"https:\/\/mediagoras.fr\/lyon\/wp-json\/wp\/v2\/media?parent=2761"}],"curies":[{"name":"wp","href":"https:\/\/api.w.org\/{rel}","templated":true}]}}