{"id":333,"date":"2025-04-07T00:00:52","date_gmt":"2025-04-06T22:00:52","guid":{"rendered":"http:\/\/mediagora.lyon.free.fr\/nouv-site\/?page_id=333"},"modified":"2025-04-07T15:44:11","modified_gmt":"2025-04-07T13:44:11","slug":"plans-dacces","status":"publish","type":"page","link":"https:\/\/mediagoras.fr\/lyon\/reunions-hebdomadaires\/plans-dacces\/","title":{"rendered":"Plans d&rsquo;acc\u00e8s"},"content":{"rendered":"<h6 style=\"text-align: right;\">Derni\u00e8re mise \u00e0 jour de cette page le 07-0&prime;-2025<\/h6>\n<h2><span style=\"font-size: large;\"><br \/>\n<span style=\"color: #000000;\">Voici le plan d&rsquo;acc\u00e8s \u00e0 notre salle principale accueillant nos r\u00e9unions:<\/span><\/span><\/h2>\n<h2><span style=\"font-size: large;\"><br \/>\n<strong><span style=\"font-size: x-large;\">A )\u00a0 Acc\u00e8s pour les automobilistes par la rue Diderot<br \/>\n<\/span><\/strong><\/span><\/h2>\n<h3><span style=\"font-size: medium; color: #000000;\"> Si vous arrivez suffisamment t\u00f4t\u00a0 vous pourrez probablement b\u00e9n\u00e9ficier de places\u00a0 sur le parking de l&rsquo;H\u00f4tel de Ville (\u00e0 50 m du local, acc\u00e8s depuis la rue Diderot), mais &#8230;<br \/>\n<\/span><\/h3>\n<p style=\"text-align: center;\"><span style=\"font-size: large;\"><strong>\u00a0Nouveaut\u00e9 d\u00e9sagr\u00e9able : <\/strong><span style=\"color: #cc0000;\"><strong>Le parking de l&rsquo;H\u00f4tel de Ville est d\u00e9sormais payant et tr\u00e8s limit\u00e9 en dur\u00e9e !<\/strong><br \/>\n<\/span><\/span><\/p>\n<p><span style=\"color: #000000;\">\u00a0La solution la plus \u00e9vidente est de prendre les transports en commun (cf fin de cette page) ou bien de pr\u00e9voir un budget cons\u00e9quent, ou encore \u00eatre de trouver une place dans la zone p\u00e9ri-urbaine (qui reste gratuite), mais il vous faudra alors marcher une bonne vingtaine de mn pour rejoindre notre salle.<\/span><\/p>\n<p style=\"text-align: center;\"><a href=\"https:\/\/mediagoras.fr\/lyon\/files\/2011\/12\/Mairie-Oullins-et-Salle2.jpg\"><img loading=\"lazy\" decoding=\"async\" class=\"aligncenter size-full wp-image-733\" src=\"https:\/\/mediagoras.fr\/lyon\/files\/2011\/12\/Mairie-Oullins-et-Salle2.jpg\" alt=\"\" width=\"681\" height=\"511\" srcset=\"https:\/\/mediagoras.fr\/lyon\/files\/2011\/12\/Mairie-Oullins-et-Salle2.jpg 681w, https:\/\/mediagoras.fr\/lyon\/files\/2011\/12\/Mairie-Oullins-et-Salle2-300x225.jpg 300w\" sizes=\"auto, (max-width: 681px) 100vw, 681px\" \/><\/a><\/p>\n<p style=\"text-align: left;\"><strong><span style=\"font-size: x-large;\">B ) Acc\u00e8s par les transports en commun<\/span><\/strong><\/p>\n<h3>Comme vous pouvez le constater, pas moins de 4\u00a0 lignes de bus passent devant la Mairie d&rsquo;Oullins (arr\u00eat \u00ab\u00a0Oullins Mairie\u00a0\u00bb, situ\u00e9e \u00e0 une centaine de m\u00e8tres de la salle de r\u00e9unions:<\/h3>\n<h3>Il s&rsquo;agit des lignes C10 et 88 (partant de Bellecour Charit\u00e9), le 63 (partant de Perrache) et le C7 (partant de Part-Dieu via Jean-Mac\u00e9). Les 14 et 17 passent non loin (pont d&rsquo;Oullins). La station de m\u00e9tro la plus proche n&rsquo;est plus celle de la Gare d&rsquo;Oullins (ligne B).<\/h3>\n<p><a href=\"https:\/\/mediagoras.fr\/lyon\/files\/2013\/11\/Itineraire-metro-salle.jpg\"><img loading=\"lazy\" decoding=\"async\" class=\"aligncenter size-full wp-image-1414\" src=\"https:\/\/mediagoras.fr\/lyon\/files\/2013\/11\/Itineraire-metro-salle.jpg\" alt=\"Itineraire-metro-salle\" width=\"798\" height=\"469\" srcset=\"https:\/\/mediagoras.fr\/lyon\/files\/2013\/11\/Itineraire-metro-salle.jpg 798w, https:\/\/mediagoras.fr\/lyon\/files\/2013\/11\/Itineraire-metro-salle-300x176.jpg 300w\" sizes=\"auto, (max-width: 798px) 100vw, 798px\" \/><\/a><span style=\"color: #000000;\">L&rsquo;itin\u00e9raire en vert vous indique comment depuis la gare d&rsquo;Oullins, vous rendre \u00e0 la Grand Rue (par la rue Orsel) puis \u00e0 la Mairie et enfin \u00e0 notre salle. Vous pouvez aussi prendre le m\u00e9tro et descendre \u00e0 la station suivante, celle de \u00ab\u00a0Oullins Centre\u00a0\u00bb situ\u00e9s sous la place Anatole France. Cette place est situ\u00e9e \u00e0 200m \u00e0 peine de la Mairie, cette derni\u00e8re se trouvant \u00e0 150m de la salle communale qui accueille nos r\u00e9unions (nouveau plan \u00e0 venir).<br \/>\n<\/span><\/p>\n<h3><strong><span style=\"font-size: x-large;\">C) Acc\u00e8s \u00e0 la <a title=\"La Salle\" href=\"https:\/\/mediagoras.fr\/lyon\/le-lieu\/\">Salle de r\u00e9union<\/a><\/span><\/strong><\/h3>\n<p><span style=\"font-size: large;\"><span style=\"color: #000000;\">Une fois gar\u00e9 ou descendu du bus (ou du m\u00e9tro), vous n&rsquo;aurez plus qu&rsquo;\u00e0 marcher jusqu&rsquo;\u00e0 &#8211;&gt;<\/span>\u00a0 <a title=\"La Salle\" href=\"https:\/\/mediagoras.fr\/lyon\/le-lieu\/\">la salle de r\u00e9union<\/a> &lt;&#8212; <\/span><\/p>\n","protected":false},"excerpt":{"rendered":"<p>Derni\u00e8re mise \u00e0 jour de cette page le 07-0&prime;-2025 Voici le plan d&rsquo;acc\u00e8s \u00e0 notre salle principale accueillant nos r\u00e9unions: A )\u00a0 Acc\u00e8s pour les automobilistes par la rue Diderot Si vous arrivez suffisamment t\u00f4t\u00a0 vous pourrez probablement b\u00e9n\u00e9ficier de &hellip; <a href=\"https:\/\/mediagoras.fr\/lyon\/reunions-hebdomadaires\/plans-dacces\/\">Continuer la lecture <span class=\"meta-nav\">&rarr;<\/span><\/a><\/p>\n","protected":false},"author":13,"featured_media":0,"parent":1184,"menu_order":0,"comment_status":"closed","ping_status":"closed","template":"","meta":{"footnotes":""},"class_list":["post-333","page","type-page","status-publish","hentry"],"yoast_head":"<!-- This site is optimized with the Yoast SEO plugin v27.4 - https:\/\/yoast.com\/product\/yoast-seo-wordpress\/ -->\n<title>Plans d&#039;acc\u00e8s - M\u00e9diagora Lyon<\/title>\n<meta name=\"robots\" content=\"index, follow, max-snippet:-1, max-image-preview:large, max-video-preview:-1\" \/>\n<link rel=\"canonical\" href=\"https:\/\/mediagoras.fr\/lyon\/reunions-hebdomadaires\/plans-dacces\/\" \/>\n<meta property=\"og:locale\" content=\"fr_FR\" \/>\n<meta property=\"og:type\" content=\"article\" \/>\n<meta property=\"og:title\" content=\"Plans d&#039;acc\u00e8s - M\u00e9diagora Lyon\" \/>\n<meta property=\"og:description\" content=\"Derni\u00e8re mise \u00e0 jour de cette page le 07-0&prime;-2025 Voici le plan d&rsquo;acc\u00e8s \u00e0 notre salle principale accueillant nos r\u00e9unions: A )\u00a0 Acc\u00e8s pour les automobilistes par la rue Diderot Si vous arrivez suffisamment t\u00f4t\u00a0 vous pourrez probablement b\u00e9n\u00e9ficier de &hellip; Continuer la lecture &rarr;\" \/>\n<meta property=\"og:url\" content=\"https:\/\/mediagoras.fr\/lyon\/reunions-hebdomadaires\/plans-dacces\/\" \/>\n<meta property=\"og:site_name\" content=\"M\u00e9diagora Lyon\" \/>\n<meta property=\"article:modified_time\" content=\"2025-04-07T13:44:11+00:00\" \/>\n<meta property=\"og:image\" content=\"http:\/\/mediagoras.fr\/lyon\/files\/2011\/12\/Mairie-Oullins-et-Salle2.jpg\" \/>\n<meta name=\"twitter:card\" content=\"summary_large_image\" \/>\n<meta name=\"twitter:label1\" content=\"Dur\u00e9e de lecture estim\u00e9e\" \/>\n\t<meta name=\"twitter:data1\" content=\"3 minutes\" \/>\n<script type=\"application\/ld+json\" class=\"yoast-schema-graph\">{\"@context\":\"https:\\\/\\\/schema.org\",\"@graph\":[{\"@type\":\"WebPage\",\"@id\":\"https:\\\/\\\/mediagoras.fr\\\/lyon\\\/reunions-hebdomadaires\\\/plans-dacces\\\/\",\"url\":\"https:\\\/\\\/mediagoras.fr\\\/lyon\\\/reunions-hebdomadaires\\\/plans-dacces\\\/\",\"name\":\"Plans d'acc\u00e8s - M\u00e9diagora Lyon\",\"isPartOf\":{\"@id\":\"https:\\\/\\\/mediagoras.fr\\\/lyon\\\/#website\"},\"primaryImageOfPage\":{\"@id\":\"https:\\\/\\\/mediagoras.fr\\\/lyon\\\/reunions-hebdomadaires\\\/plans-dacces\\\/#primaryimage\"},\"image\":{\"@id\":\"https:\\\/\\\/mediagoras.fr\\\/lyon\\\/reunions-hebdomadaires\\\/plans-dacces\\\/#primaryimage\"},\"thumbnailUrl\":\"http:\\\/\\\/mediagoras.fr\\\/lyon\\\/files\\\/2011\\\/12\\\/Mairie-Oullins-et-Salle2.jpg\",\"datePublished\":\"2025-04-06T22:00:52+00:00\",\"dateModified\":\"2025-04-07T13:44:11+00:00\",\"breadcrumb\":{\"@id\":\"https:\\\/\\\/mediagoras.fr\\\/lyon\\\/reunions-hebdomadaires\\\/plans-dacces\\\/#breadcrumb\"},\"inLanguage\":\"fr-FR\",\"potentialAction\":[{\"@type\":\"ReadAction\",\"target\":[\"https:\\\/\\\/mediagoras.fr\\\/lyon\\\/reunions-hebdomadaires\\\/plans-dacces\\\/\"]}]},{\"@type\":\"ImageObject\",\"inLanguage\":\"fr-FR\",\"@id\":\"https:\\\/\\\/mediagoras.fr\\\/lyon\\\/reunions-hebdomadaires\\\/plans-dacces\\\/#primaryimage\",\"url\":\"http:\\\/\\\/mediagoras.fr\\\/lyon\\\/files\\\/2011\\\/12\\\/Mairie-Oullins-et-Salle2.jpg\",\"contentUrl\":\"http:\\\/\\\/mediagoras.fr\\\/lyon\\\/files\\\/2011\\\/12\\\/Mairie-Oullins-et-Salle2.jpg\"},{\"@type\":\"BreadcrumbList\",\"@id\":\"https:\\\/\\\/mediagoras.fr\\\/lyon\\\/reunions-hebdomadaires\\\/plans-dacces\\\/#breadcrumb\",\"itemListElement\":[{\"@type\":\"ListItem\",\"position\":1,\"name\":\"Accueil\",\"item\":\"https:\\\/\\\/mediagoras.fr\\\/lyon\\\/\"},{\"@type\":\"ListItem\",\"position\":2,\"name\":\"Les r\u00e9unions de M\u00e9diagora Lyon\",\"item\":\"https:\\\/\\\/mediagoras.fr\\\/lyon\\\/reunions-hebdomadaires\\\/\"},{\"@type\":\"ListItem\",\"position\":3,\"name\":\"Plans d&rsquo;acc\u00e8s\"}]},{\"@type\":\"WebSite\",\"@id\":\"https:\\\/\\\/mediagoras.fr\\\/lyon\\\/#website\",\"url\":\"https:\\\/\\\/mediagoras.fr\\\/lyon\\\/\",\"name\":\"M\u00e9diagora Lyon\",\"description\":\"Il n&#039;est jamais trop tard pour prendre contact\",\"potentialAction\":[{\"@type\":\"SearchAction\",\"target\":{\"@type\":\"EntryPoint\",\"urlTemplate\":\"https:\\\/\\\/mediagoras.fr\\\/lyon\\\/?s={search_term_string}\"},\"query-input\":{\"@type\":\"PropertyValueSpecification\",\"valueRequired\":true,\"valueName\":\"search_term_string\"}}],\"inLanguage\":\"fr-FR\"}]}<\/script>\n<!-- \/ Yoast SEO plugin. -->","yoast_head_json":{"title":"Plans d'acc\u00e8s - M\u00e9diagora Lyon","robots":{"index":"index","follow":"follow","max-snippet":"max-snippet:-1","max-image-preview":"max-image-preview:large","max-video-preview":"max-video-preview:-1"},"canonical":"https:\/\/mediagoras.fr\/lyon\/reunions-hebdomadaires\/plans-dacces\/","og_locale":"fr_FR","og_type":"article","og_title":"Plans d'acc\u00e8s - M\u00e9diagora Lyon","og_description":"Derni\u00e8re mise \u00e0 jour de cette page le 07-0&prime;-2025 Voici le plan d&rsquo;acc\u00e8s \u00e0 notre salle principale accueillant nos r\u00e9unions: A )\u00a0 Acc\u00e8s pour les automobilistes par la rue Diderot Si vous arrivez suffisamment t\u00f4t\u00a0 vous pourrez probablement b\u00e9n\u00e9ficier de &hellip; Continuer la lecture &rarr;","og_url":"https:\/\/mediagoras.fr\/lyon\/reunions-hebdomadaires\/plans-dacces\/","og_site_name":"M\u00e9diagora Lyon","article_modified_time":"2025-04-07T13:44:11+00:00","og_image":[{"url":"http:\/\/mediagoras.fr\/lyon\/files\/2011\/12\/Mairie-Oullins-et-Salle2.jpg","type":"","width":"","height":""}],"twitter_card":"summary_large_image","twitter_misc":{"Dur\u00e9e de lecture estim\u00e9e":"3 minutes"},"schema":{"@context":"https:\/\/schema.org","@graph":[{"@type":"WebPage","@id":"https:\/\/mediagoras.fr\/lyon\/reunions-hebdomadaires\/plans-dacces\/","url":"https:\/\/mediagoras.fr\/lyon\/reunions-hebdomadaires\/plans-dacces\/","name":"Plans d'acc\u00e8s - M\u00e9diagora Lyon","isPartOf":{"@id":"https:\/\/mediagoras.fr\/lyon\/#website"},"primaryImageOfPage":{"@id":"https:\/\/mediagoras.fr\/lyon\/reunions-hebdomadaires\/plans-dacces\/#primaryimage"},"image":{"@id":"https:\/\/mediagoras.fr\/lyon\/reunions-hebdomadaires\/plans-dacces\/#primaryimage"},"thumbnailUrl":"http:\/\/mediagoras.fr\/lyon\/files\/2011\/12\/Mairie-Oullins-et-Salle2.jpg","datePublished":"2025-04-06T22:00:52+00:00","dateModified":"2025-04-07T13:44:11+00:00","breadcrumb":{"@id":"https:\/\/mediagoras.fr\/lyon\/reunions-hebdomadaires\/plans-dacces\/#breadcrumb"},"inLanguage":"fr-FR","potentialAction":[{"@type":"ReadAction","target":["https:\/\/mediagoras.fr\/lyon\/reunions-hebdomadaires\/plans-dacces\/"]}]},{"@type":"ImageObject","inLanguage":"fr-FR","@id":"https:\/\/mediagoras.fr\/lyon\/reunions-hebdomadaires\/plans-dacces\/#primaryimage","url":"http:\/\/mediagoras.fr\/lyon\/files\/2011\/12\/Mairie-Oullins-et-Salle2.jpg","contentUrl":"http:\/\/mediagoras.fr\/lyon\/files\/2011\/12\/Mairie-Oullins-et-Salle2.jpg"},{"@type":"BreadcrumbList","@id":"https:\/\/mediagoras.fr\/lyon\/reunions-hebdomadaires\/plans-dacces\/#breadcrumb","itemListElement":[{"@type":"ListItem","position":1,"name":"Accueil","item":"https:\/\/mediagoras.fr\/lyon\/"},{"@type":"ListItem","position":2,"name":"Les r\u00e9unions de M\u00e9diagora Lyon","item":"https:\/\/mediagoras.fr\/lyon\/reunions-hebdomadaires\/"},{"@type":"ListItem","position":3,"name":"Plans d&rsquo;acc\u00e8s"}]},{"@type":"WebSite","@id":"https:\/\/mediagoras.fr\/lyon\/#website","url":"https:\/\/mediagoras.fr\/lyon\/","name":"M\u00e9diagora Lyon","description":"Il n&#039;est jamais trop tard pour prendre contact","potentialAction":[{"@type":"SearchAction","target":{"@type":"EntryPoint","urlTemplate":"https:\/\/mediagoras.fr\/lyon\/?s={search_term_string}"},"query-input":{"@type":"PropertyValueSpecification","valueRequired":true,"valueName":"search_term_string"}}],"inLanguage":"fr-FR"}]}},"_links":{"self":[{"href":"https:\/\/mediagoras.fr\/lyon\/wp-json\/wp\/v2\/pages\/333","targetHints":{"allow":["GET"]}}],"collection":[{"href":"https:\/\/mediagoras.fr\/lyon\/wp-json\/wp\/v2\/pages"}],"about":[{"href":"https:\/\/mediagoras.fr\/lyon\/wp-json\/wp\/v2\/types\/page"}],"author":[{"embeddable":true,"href":"https:\/\/mediagoras.fr\/lyon\/wp-json\/wp\/v2\/users\/13"}],"replies":[{"embeddable":true,"href":"https:\/\/mediagoras.fr\/lyon\/wp-json\/wp\/v2\/comments?post=333"}],"version-history":[{"count":39,"href":"https:\/\/mediagoras.fr\/lyon\/wp-json\/wp\/v2\/pages\/333\/revisions"}],"predecessor-version":[{"id":2768,"href":"https:\/\/mediagoras.fr\/lyon\/wp-json\/wp\/v2\/pages\/333\/revisions\/2768"}],"up":[{"embeddable":true,"href":"https:\/\/mediagoras.fr\/lyon\/wp-json\/wp\/v2\/pages\/1184"}],"wp:attachment":[{"href":"https:\/\/mediagoras.fr\/lyon\/wp-json\/wp\/v2\/media?parent=333"}],"curies":[{"name":"wp","href":"https:\/\/api.w.org\/{rel}","templated":true}]}}