{"id":462,"date":"2026-04-05T00:30:05","date_gmt":"2026-04-04T22:30:05","guid":{"rendered":"http:\/\/localhost:8888\/?page_id=4"},"modified":"2026-04-05T09:27:41","modified_gmt":"2026-04-05T07:27:41","slug":"accueil","status":"publish","type":"page","link":"https:\/\/mediagoras.fr\/lyon\/","title":{"rendered":"Accueil"},"content":{"rendered":"<h6 style=\"text-align: right;\">Derni\u00e8re mise \u00e0 jour : 05\/04\/2026<\/h6>\n<h1 class=\"_stay\" style=\"text-align: center;\">Bienvenue !<\/h1>\n<p><span style=\"font-size: 14pt;\">L&rsquo;association M\u00e9diagora Lyon a pour vocation de venir en aide aux personnes souffrant de <a title=\"D\u00e9finitions des troubles anxieux les plus courants\" href=\"http:\/\/mediagoras.fr\/quelques-definitions\/\" target=\"_blank\" rel=\"noopener noreferrer\">troubles anxieux ou de phobies<\/a>, que ces personnes suivent\u00a0 des soins ou non, ainsi que leur famille et entourage. Pour cela nous organisons des <a href=\"\/lyon\/reunions-hebdomadaires\/\">r\u00e9unions p\u00e9riodiques<\/a>.<\/span><\/p>\n<p><span style=\"font-size: 14pt;\"><img loading=\"lazy\" decoding=\"async\" class=\"alignnone size-full wp-image-2665\" src=\"https:\/\/mediagoras.fr\/lyon\/files\/2023\/10\/Groupe-floute-et-allege.jpg\" alt=\"Une de nos r\u00e9unions \u00e0 Oullins\" width=\"2560\" height=\"1536\" srcset=\"https:\/\/mediagoras.fr\/lyon\/files\/2023\/10\/Groupe-floute-et-allege.jpg 2560w, https:\/\/mediagoras.fr\/lyon\/files\/2023\/10\/Groupe-floute-et-allege-768x461.jpg 768w, https:\/\/mediagoras.fr\/lyon\/files\/2023\/10\/Groupe-floute-et-allege-1536x922.jpg 1536w, https:\/\/mediagoras.fr\/lyon\/files\/2023\/10\/Groupe-floute-et-allege-2048x1229.jpg 2048w\" sizes=\"auto, (max-width: 2560px) 100vw, 2560px\" \/> Nous pouvons aussi vous donner des informations et des conseils, sur place ou \u00e0 distance. <em>Par contre, pour b\u00e9n\u00e9ficier de nos r\u00e9unions, vous devrez venir sur place.<\/em> Vous trouverez enfin sur ce site des <a href=\"\/lyon\/temoignages\/\">t\u00e9moignages<\/a> ainsi que des <a href=\"\/lyon\/liens\/\">liens s\u00e9lectionn\u00e9s<\/a> vers d&rsquo;autres organismes ou sites d&rsquo;information.<\/span><\/p>\n<p><span style=\"font-size: 14pt;\">M\u00e9diagora Lyon, dont le pr\u00e9sident d&rsquo;honneur est le <a href=\"http:\/\/www.fredericfanget.com\/\" target=\"_blank\" rel=\"noopener noreferrer\"> Dr Fr\u00e9d\u00e9ric Fanget<\/a>, est une association r\u00e9gionale du <a href=\"http:\/\/mediagoras.fr\/\" target=\"_blank\" rel=\"noopener noreferrer\"> r\u00e9seau national M\u00e9diagora<\/a>.<\/span><\/p>\n<p style=\"text-align: center;\"><span style=\"font-size: 14pt;\"><span style=\"color: #008000;\"><strong>\u00ab\u00a0Il n&rsquo;est jamais trop tard pour\u00a0prendre contact\u00a0\u00bb <\/strong><\/span>est une de nos devises, mais avant de d\u00e9crocher votre t\u00e9l\u00e9phone ou de remplir notre formulaire de contact,<\/span><\/p>\n<p style=\"text-align: center;\"><span style=\"text-align: center;\"><span style=\"font-size: 18pt;\"><em><strong><span style=\"color: #008000;\">Nous vous invitons \u00e0 consulter les principales pages de notre site o\u00f9 sont regroup\u00e9es les informations importantes sur le fonctionnement de l&rsquo;association.<\/span><br \/>\n<\/strong><\/em><\/span><\/span><\/p>\n<p style=\"text-align: center;\"><span style=\"color: #000000; font-size: 14pt;\">Si vous avez du mal \u00e0 lire plus que deux ou trois pages, nous vous invitons \u00e0 lire\u00a0 \u00ab\u00a0<strong><a href=\"\/lyon\/aide-anxiete-phobies\/\">\u00e0 quoi sert M\u00e9diagora Lyon ?<\/a><\/strong>\u00ab\u00a0, ainsi que la\u00a0<strong><a href=\"https:\/\/mediagoras.fr\/lyon\/foire-aux-questions\/\">FAQ (Foire Aux Questions)<\/a><\/strong>.<\/span><\/p>\n<p style=\"text-align: center;\"><span style=\"font-size: 14pt;\">Ensuite, il sera enfin\u00a0temps de\u00a0<a href=\"?page_id=82\" target=\"_self\" rel=\"noopener noreferrer\">prendre contact<\/a>, de venir assister \u00e0 une r\u00e9union en pr\u00e9sentiel (cf notre<a href=\"\/lyon\/category\/agenda\/\"> agenda<\/a>), ou en visio, ou encore de chercher <a href=\"https:\/\/mediagoras.fr\/lyon\/liens\/\">d&rsquo;autres organismes<\/a> !<\/span><\/p>\n<p>N.B. Contrairement \u00e0 nos r\u00e9unions en pr\u00e9sentiel, les visios sont maintenues durant tout l&rsquo;\u00e9t\u00e9. <a href=\"?page_id=82\">Contactez-nous<\/a> pour conna\u00eetre les dates.<\/p>\n<h6><a href=\"https:\/\/mediagoras.fr\/lyon\/connaitre-mediagora\/mentions-legales\/\">Mentions l\u00e9gales<\/a><\/h6>\n<hr \/>\n","protected":false},"excerpt":{"rendered":"<p>Derni\u00e8re mise \u00e0 jour : 05\/04\/2026 Bienvenue ! L&rsquo;association M\u00e9diagora Lyon a pour vocation de venir en aide aux personnes souffrant de troubles anxieux ou de phobies, que ces personnes suivent\u00a0 des soins ou non, ainsi que leur famille et &hellip; <a href=\"https:\/\/mediagoras.fr\/lyon\/\">Continuer la lecture <span class=\"meta-nav\">&rarr;<\/span><\/a><\/p>\n","protected":false},"author":24,"featured_media":0,"parent":0,"menu_order":0,"comment_status":"closed","ping_status":"open","template":"onecolumn-page.php","meta":{"footnotes":""},"class_list":["post-462","page","type-page","status-publish","hentry"],"yoast_head":"<!-- This site is optimized with the Yoast SEO plugin v27.4 - https:\/\/yoast.com\/product\/yoast-seo-wordpress\/ -->\n<title>M\u00e9diagora Lyon - peur, anxi\u00e9t\u00e9, phobie, timidit\u00e9, panique, agoraphobie - association<\/title>\n<meta name=\"description\" content=\"L&#039;association M\u00e9diagora Lyon a pour vocation de venir en aide aux personnes souffrant de troubles anxieux ou de phobie, ainsi que leur famille et entourage.\" \/>\n<meta name=\"robots\" content=\"index, follow, max-snippet:-1, max-image-preview:large, max-video-preview:-1\" \/>\n<link rel=\"canonical\" href=\"https:\/\/mediagoras.fr\/lyon\/\" \/>\n<meta property=\"og:locale\" content=\"fr_FR\" \/>\n<meta property=\"og:type\" content=\"article\" \/>\n<meta property=\"og:title\" content=\"M\u00e9diagora Lyon - peur, anxi\u00e9t\u00e9, phobie, timidit\u00e9, panique, agoraphobie - association\" \/>\n<meta property=\"og:description\" content=\"L&#039;association M\u00e9diagora Lyon a pour vocation de venir en aide aux personnes souffrant de troubles anxieux ou de phobie, ainsi que leur famille et entourage.\" \/>\n<meta property=\"og:url\" content=\"https:\/\/mediagoras.fr\/lyon\/\" \/>\n<meta property=\"og:site_name\" content=\"M\u00e9diagora Lyon\" \/>\n<meta property=\"article:modified_time\" content=\"2026-04-05T07:27:41+00:00\" \/>\n<meta property=\"og:image\" content=\"https:\/\/mediagoras.fr\/lyon\/files\/2023\/10\/Groupe-floute-et-allege.jpg\" \/>\n\t<meta property=\"og:image:width\" content=\"2560\" \/>\n\t<meta property=\"og:image:height\" content=\"1536\" \/>\n\t<meta property=\"og:image:type\" content=\"image\/jpeg\" \/>\n<meta name=\"twitter:card\" content=\"summary_large_image\" \/>\n<meta name=\"twitter:label1\" content=\"Dur\u00e9e de lecture estim\u00e9e\" \/>\n\t<meta name=\"twitter:data1\" content=\"2 minutes\" \/>\n<script type=\"application\/ld+json\" class=\"yoast-schema-graph\">{\"@context\":\"https:\\\/\\\/schema.org\",\"@graph\":[{\"@type\":\"WebPage\",\"@id\":\"https:\\\/\\\/mediagoras.fr\\\/lyon\\\/\",\"url\":\"https:\\\/\\\/mediagoras.fr\\\/lyon\\\/\",\"name\":\"M\u00e9diagora Lyon - peur, anxi\u00e9t\u00e9, phobie, timidit\u00e9, panique, agoraphobie - association\",\"isPartOf\":{\"@id\":\"https:\\\/\\\/mediagoras.fr\\\/lyon\\\/#website\"},\"primaryImageOfPage\":{\"@id\":\"https:\\\/\\\/mediagoras.fr\\\/lyon\\\/#primaryimage\"},\"image\":{\"@id\":\"https:\\\/\\\/mediagoras.fr\\\/lyon\\\/#primaryimage\"},\"thumbnailUrl\":\"https:\\\/\\\/mediagoras.fr\\\/lyon\\\/files\\\/2023\\\/10\\\/Groupe-floute-et-allege.jpg\",\"datePublished\":\"2026-04-04T22:30:05+00:00\",\"dateModified\":\"2026-04-05T07:27:41+00:00\",\"description\":\"L'association M\u00e9diagora Lyon a pour vocation de venir en aide aux personnes souffrant de troubles anxieux ou de phobie, ainsi que leur famille et entourage.\",\"breadcrumb\":{\"@id\":\"https:\\\/\\\/mediagoras.fr\\\/lyon\\\/#breadcrumb\"},\"inLanguage\":\"fr-FR\",\"potentialAction\":[{\"@type\":\"ReadAction\",\"target\":[\"https:\\\/\\\/mediagoras.fr\\\/lyon\\\/\"]}]},{\"@type\":\"ImageObject\",\"inLanguage\":\"fr-FR\",\"@id\":\"https:\\\/\\\/mediagoras.fr\\\/lyon\\\/#primaryimage\",\"url\":\"https:\\\/\\\/mediagoras.fr\\\/lyon\\\/files\\\/2023\\\/10\\\/Groupe-floute-et-allege.jpg\",\"contentUrl\":\"https:\\\/\\\/mediagoras.fr\\\/lyon\\\/files\\\/2023\\\/10\\\/Groupe-floute-et-allege.jpg\",\"width\":2560,\"height\":1536,\"caption\":\"Une de nos r\u00e9unions \u00e0 Oullins\"},{\"@type\":\"BreadcrumbList\",\"@id\":\"https:\\\/\\\/mediagoras.fr\\\/lyon\\\/#breadcrumb\",\"itemListElement\":[{\"@type\":\"ListItem\",\"position\":1,\"name\":\"Accueil\",\"item\":\"https:\\\/\\\/mediagoras.fr\\\/lyon\\\/\"},{\"@type\":\"ListItem\",\"position\":2,\"name\":\"Accueil\"}]},{\"@type\":\"WebSite\",\"@id\":\"https:\\\/\\\/mediagoras.fr\\\/lyon\\\/#website\",\"url\":\"https:\\\/\\\/mediagoras.fr\\\/lyon\\\/\",\"name\":\"M\u00e9diagora Lyon\",\"description\":\"Il n&#039;est jamais trop tard pour prendre contact\",\"potentialAction\":[{\"@type\":\"SearchAction\",\"target\":{\"@type\":\"EntryPoint\",\"urlTemplate\":\"https:\\\/\\\/mediagoras.fr\\\/lyon\\\/?s={search_term_string}\"},\"query-input\":{\"@type\":\"PropertyValueSpecification\",\"valueRequired\":true,\"valueName\":\"search_term_string\"}}],\"inLanguage\":\"fr-FR\"}]}<\/script>\n<!-- \/ Yoast SEO plugin. -->","yoast_head_json":{"title":"M\u00e9diagora Lyon - peur, anxi\u00e9t\u00e9, phobie, timidit\u00e9, panique, agoraphobie - association","description":"L'association M\u00e9diagora Lyon a pour vocation de venir en aide aux personnes souffrant de troubles anxieux ou de phobie, ainsi que leur famille et entourage.","robots":{"index":"index","follow":"follow","max-snippet":"max-snippet:-1","max-image-preview":"max-image-preview:large","max-video-preview":"max-video-preview:-1"},"canonical":"https:\/\/mediagoras.fr\/lyon\/","og_locale":"fr_FR","og_type":"article","og_title":"M\u00e9diagora Lyon - peur, anxi\u00e9t\u00e9, phobie, timidit\u00e9, panique, agoraphobie - association","og_description":"L'association M\u00e9diagora Lyon a pour vocation de venir en aide aux personnes souffrant de troubles anxieux ou de phobie, ainsi que leur famille et entourage.","og_url":"https:\/\/mediagoras.fr\/lyon\/","og_site_name":"M\u00e9diagora Lyon","article_modified_time":"2026-04-05T07:27:41+00:00","og_image":[{"width":2560,"height":1536,"url":"https:\/\/mediagoras.fr\/lyon\/files\/2023\/10\/Groupe-floute-et-allege.jpg","type":"image\/jpeg"}],"twitter_card":"summary_large_image","twitter_misc":{"Dur\u00e9e de lecture estim\u00e9e":"2 minutes"},"schema":{"@context":"https:\/\/schema.org","@graph":[{"@type":"WebPage","@id":"https:\/\/mediagoras.fr\/lyon\/","url":"https:\/\/mediagoras.fr\/lyon\/","name":"M\u00e9diagora Lyon - peur, anxi\u00e9t\u00e9, phobie, timidit\u00e9, panique, agoraphobie - association","isPartOf":{"@id":"https:\/\/mediagoras.fr\/lyon\/#website"},"primaryImageOfPage":{"@id":"https:\/\/mediagoras.fr\/lyon\/#primaryimage"},"image":{"@id":"https:\/\/mediagoras.fr\/lyon\/#primaryimage"},"thumbnailUrl":"https:\/\/mediagoras.fr\/lyon\/files\/2023\/10\/Groupe-floute-et-allege.jpg","datePublished":"2026-04-04T22:30:05+00:00","dateModified":"2026-04-05T07:27:41+00:00","description":"L'association M\u00e9diagora Lyon a pour vocation de venir en aide aux personnes souffrant de troubles anxieux ou de phobie, ainsi que leur famille et entourage.","breadcrumb":{"@id":"https:\/\/mediagoras.fr\/lyon\/#breadcrumb"},"inLanguage":"fr-FR","potentialAction":[{"@type":"ReadAction","target":["https:\/\/mediagoras.fr\/lyon\/"]}]},{"@type":"ImageObject","inLanguage":"fr-FR","@id":"https:\/\/mediagoras.fr\/lyon\/#primaryimage","url":"https:\/\/mediagoras.fr\/lyon\/files\/2023\/10\/Groupe-floute-et-allege.jpg","contentUrl":"https:\/\/mediagoras.fr\/lyon\/files\/2023\/10\/Groupe-floute-et-allege.jpg","width":2560,"height":1536,"caption":"Une de nos r\u00e9unions \u00e0 Oullins"},{"@type":"BreadcrumbList","@id":"https:\/\/mediagoras.fr\/lyon\/#breadcrumb","itemListElement":[{"@type":"ListItem","position":1,"name":"Accueil","item":"https:\/\/mediagoras.fr\/lyon\/"},{"@type":"ListItem","position":2,"name":"Accueil"}]},{"@type":"WebSite","@id":"https:\/\/mediagoras.fr\/lyon\/#website","url":"https:\/\/mediagoras.fr\/lyon\/","name":"M\u00e9diagora Lyon","description":"Il n&#039;est jamais trop tard pour prendre contact","potentialAction":[{"@type":"SearchAction","target":{"@type":"EntryPoint","urlTemplate":"https:\/\/mediagoras.fr\/lyon\/?s={search_term_string}"},"query-input":{"@type":"PropertyValueSpecification","valueRequired":true,"valueName":"search_term_string"}}],"inLanguage":"fr-FR"}]}},"_links":{"self":[{"href":"https:\/\/mediagoras.fr\/lyon\/wp-json\/wp\/v2\/pages\/462","targetHints":{"allow":["GET"]}}],"collection":[{"href":"https:\/\/mediagoras.fr\/lyon\/wp-json\/wp\/v2\/pages"}],"about":[{"href":"https:\/\/mediagoras.fr\/lyon\/wp-json\/wp\/v2\/types\/page"}],"author":[{"embeddable":true,"href":"https:\/\/mediagoras.fr\/lyon\/wp-json\/wp\/v2\/users\/24"}],"replies":[{"embeddable":true,"href":"https:\/\/mediagoras.fr\/lyon\/wp-json\/wp\/v2\/comments?post=462"}],"version-history":[{"count":158,"href":"https:\/\/mediagoras.fr\/lyon\/wp-json\/wp\/v2\/pages\/462\/revisions"}],"predecessor-version":[{"id":2840,"href":"https:\/\/mediagoras.fr\/lyon\/wp-json\/wp\/v2\/pages\/462\/revisions\/2840"}],"wp:attachment":[{"href":"https:\/\/mediagoras.fr\/lyon\/wp-json\/wp\/v2\/media?parent=462"}],"curies":[{"name":"wp","href":"https:\/\/api.w.org\/{rel}","templated":true}]}}