{"id":682,"date":"2011-12-18T00:00:17","date_gmt":"2011-12-17T23:00:17","guid":{"rendered":"http:\/\/mediagoras.fr\/lyon\/?page_id=682"},"modified":"2016-09-13T17:41:19","modified_gmt":"2016-09-13T15:41:19","slug":"lieu-alternatif","status":"publish","type":"page","link":"https:\/\/mediagoras.fr\/lyon\/reunions-hebdomadaires\/lieu-alternatif\/","title":{"rendered":"Lieu alternatif"},"content":{"rendered":"<h2><span style=\"font-size: medium;\">Ce lieu, mis \u00e0 notre disposition par une association amie (\u00ab\u00a0Icebergs\u00a0\u00bb), est utilis\u00e9 de fa\u00e7on exceptionnelle.<\/span><\/h2>\n<h2><span style=\"font-size: medium;\">La salle d\u00e9crite ci-dessous n&rsquo;est pas utilis\u00e9e de fa\u00e7on r\u00e9guli\u00e8re. Depuis janvier 2012 nos r\u00e9unions habituelles sont h\u00e9berg\u00e9es par une salle de la Maison des Soci\u00e9t\u00e9s d&rsquo;Oullins.<\/span><\/h2>\n<p>Voici donc le lieu qui\u00a0 accueille certaines de nos r\u00e9unions\u00a0 :<\/p>\n<p><a href=\"https:\/\/mediagoras.fr\/lyon\/files\/2010\/09\/Icebergs-ext.jpg\"><img loading=\"lazy\" decoding=\"async\" alt=\"\" src=\"https:\/\/mediagoras.fr\/lyon\/files\/2010\/09\/Icebergs-ext.jpg\" width=\"640\" height=\"480\" \/><\/a>A gauche c&rsquo;est la rue DELANDINE, \u00e0 droite la rue RAVAT.<\/p>\n<p>Voici un petit aper\u00e7u de l&rsquo;int\u00e9rieur de la salle principale:<br \/>\n<a href=\"https:\/\/mediagoras.fr\/lyon\/files\/2010\/09\/Icebergs-int1.jpg\"><img loading=\"lazy\" decoding=\"async\" alt=\"\" src=\"https:\/\/mediagoras.fr\/lyon\/files\/2010\/09\/Icebergs-int1.jpg\" width=\"320\" height=\"240\" \/><\/a><\/p>\n<p>Cette salle <strong>vaste et lumineuse<\/strong> avec une entr\u00e9e directe depuis l&rsquo;ext\u00e9rieur, est <strong>tr\u00e8s bien support\u00e9e par les agoraphobes (qui de toutes fa\u00e7ons peuvent se faire accompagner)<\/strong>. Les rideaux int\u00e9rieurs nous prot\u00e8gent du regard des passants.<\/p>\n<p><a href=\"https:\/\/mediagoras.fr\/lyon\/files\/2010\/09\/Icebergs-canaps.jpg\"><img loading=\"lazy\" decoding=\"async\" alt=\"\" src=\"https:\/\/mediagoras.fr\/lyon\/files\/2010\/09\/Icebergs-canaps.jpg\" width=\"320\" height=\"240\" \/><\/a><\/p>\n<p>Il y a m\u00eame un petit coin salon qui nous permet de recevoir les nouveaux venus pour leur pr\u00e9senter l&rsquo;association.<br \/>\nVoici le plan d&rsquo;acc\u00e8s (imprimable) de ce lieu :<\/p>\n<h5><a href=\"https:\/\/mediagoras.fr\/lyon\/files\/2010\/11\/Plan-Acces-Delandine.jpg\"><img loading=\"lazy\" decoding=\"async\" alt=\"\" src=\"https:\/\/mediagoras.fr\/lyon\/files\/2010\/11\/Plan-Acces-Delandine.jpg\" width=\"625\" height=\"455\" \/><\/a><\/h5>\n<p>Comme vous pouvez le constater, l&rsquo;arr\u00eat de tram le plus proche est \u00ab\u00a0Ste-Blandine\u00a0\u00bb, mais on peut aussi venir \u00e0 pieds depuis le centre d&rsquo;\u00e9changes de Perrache (compter 10 \u00e0 15mn de marche). Si vous venez en voiture, vous pourrez tr\u00e8s probablement vous garer non loin du local, car les places de stationnement sont toutes payantes dans les environs imm\u00e9diats.<\/p>\n<p>(Attention ! si vous venez en voiture, tram ou m\u00e9tro, ce plan est\u00a0 valable; par contre si vous venez en bus, vous devriez consulter les nouveaux plans TCL sur <a title=\"Site des Transports en Commun Lyonnais\" href=\"http:\/\/www.tcl.fr\" target=\"_blank\">www.tcl.fr<\/a> , car beaucoup de lignes de bus ont \u00e9t\u00e9 modifi\u00e9es et\/ou renum\u00e9rot\u00e9es depuis le 31-08-11)<\/p>\n","protected":false},"excerpt":{"rendered":"<p>Ce lieu, mis \u00e0 notre disposition par une association amie (\u00ab\u00a0Icebergs\u00a0\u00bb), est utilis\u00e9 de fa\u00e7on exceptionnelle. La salle d\u00e9crite ci-dessous n&rsquo;est pas utilis\u00e9e de fa\u00e7on r\u00e9guli\u00e8re. Depuis janvier 2012 nos r\u00e9unions habituelles sont h\u00e9berg\u00e9es par une salle de la Maison &hellip; <a href=\"https:\/\/mediagoras.fr\/lyon\/reunions-hebdomadaires\/lieu-alternatif\/\">Continuer la lecture <span class=\"meta-nav\">&rarr;<\/span><\/a><\/p>\n","protected":false},"author":1,"featured_media":0,"parent":1184,"menu_order":0,"comment_status":"closed","ping_status":"closed","template":"templates\/page-leftsidebar_template.php","meta":{"footnotes":""},"class_list":["post-682","page","type-page","status-publish","hentry"],"yoast_head":"<!-- This site is optimized with the Yoast SEO plugin v27.4 - https:\/\/yoast.com\/product\/yoast-seo-wordpress\/ -->\n<title>Lieu alternatif - M\u00e9diagora Lyon<\/title>\n<meta name=\"robots\" content=\"index, follow, max-snippet:-1, max-image-preview:large, max-video-preview:-1\" \/>\n<link rel=\"canonical\" href=\"https:\/\/mediagoras.fr\/lyon\/reunions-hebdomadaires\/lieu-alternatif\/\" \/>\n<meta property=\"og:locale\" content=\"fr_FR\" \/>\n<meta property=\"og:type\" content=\"article\" \/>\n<meta property=\"og:title\" content=\"Lieu alternatif - M\u00e9diagora Lyon\" \/>\n<meta property=\"og:description\" content=\"Ce lieu, mis \u00e0 notre disposition par une association amie (\u00ab\u00a0Icebergs\u00a0\u00bb), est utilis\u00e9 de fa\u00e7on exceptionnelle. La salle d\u00e9crite ci-dessous n&rsquo;est pas utilis\u00e9e de fa\u00e7on r\u00e9guli\u00e8re. Depuis janvier 2012 nos r\u00e9unions habituelles sont h\u00e9berg\u00e9es par une salle de la Maison &hellip; Continuer la lecture &rarr;\" \/>\n<meta property=\"og:url\" content=\"https:\/\/mediagoras.fr\/lyon\/reunions-hebdomadaires\/lieu-alternatif\/\" \/>\n<meta property=\"og:site_name\" content=\"M\u00e9diagora Lyon\" \/>\n<meta property=\"article:modified_time\" content=\"2016-09-13T15:41:19+00:00\" \/>\n<meta property=\"og:image\" content=\"http:\/\/mediagoras.fr\/lyon\/files\/2010\/09\/Icebergs-ext.jpg\" \/>\n<meta name=\"twitter:card\" content=\"summary_large_image\" \/>\n<meta name=\"twitter:label1\" content=\"Dur\u00e9e de lecture estim\u00e9e\" \/>\n\t<meta name=\"twitter:data1\" content=\"1 minute\" \/>\n<script type=\"application\/ld+json\" class=\"yoast-schema-graph\">{\"@context\":\"https:\\\/\\\/schema.org\",\"@graph\":[{\"@type\":\"WebPage\",\"@id\":\"https:\\\/\\\/mediagoras.fr\\\/lyon\\\/reunions-hebdomadaires\\\/lieu-alternatif\\\/\",\"url\":\"https:\\\/\\\/mediagoras.fr\\\/lyon\\\/reunions-hebdomadaires\\\/lieu-alternatif\\\/\",\"name\":\"Lieu alternatif - M\u00e9diagora Lyon\",\"isPartOf\":{\"@id\":\"https:\\\/\\\/mediagoras.fr\\\/lyon\\\/#website\"},\"primaryImageOfPage\":{\"@id\":\"https:\\\/\\\/mediagoras.fr\\\/lyon\\\/reunions-hebdomadaires\\\/lieu-alternatif\\\/#primaryimage\"},\"image\":{\"@id\":\"https:\\\/\\\/mediagoras.fr\\\/lyon\\\/reunions-hebdomadaires\\\/lieu-alternatif\\\/#primaryimage\"},\"thumbnailUrl\":\"http:\\\/\\\/mediagoras.fr\\\/lyon\\\/files\\\/2010\\\/09\\\/Icebergs-ext.jpg\",\"datePublished\":\"2011-12-17T23:00:17+00:00\",\"dateModified\":\"2016-09-13T15:41:19+00:00\",\"breadcrumb\":{\"@id\":\"https:\\\/\\\/mediagoras.fr\\\/lyon\\\/reunions-hebdomadaires\\\/lieu-alternatif\\\/#breadcrumb\"},\"inLanguage\":\"fr-FR\",\"potentialAction\":[{\"@type\":\"ReadAction\",\"target\":[\"https:\\\/\\\/mediagoras.fr\\\/lyon\\\/reunions-hebdomadaires\\\/lieu-alternatif\\\/\"]}]},{\"@type\":\"ImageObject\",\"inLanguage\":\"fr-FR\",\"@id\":\"https:\\\/\\\/mediagoras.fr\\\/lyon\\\/reunions-hebdomadaires\\\/lieu-alternatif\\\/#primaryimage\",\"url\":\"http:\\\/\\\/mediagoras.fr\\\/lyon\\\/files\\\/2010\\\/09\\\/Icebergs-ext.jpg\",\"contentUrl\":\"http:\\\/\\\/mediagoras.fr\\\/lyon\\\/files\\\/2010\\\/09\\\/Icebergs-ext.jpg\"},{\"@type\":\"BreadcrumbList\",\"@id\":\"https:\\\/\\\/mediagoras.fr\\\/lyon\\\/reunions-hebdomadaires\\\/lieu-alternatif\\\/#breadcrumb\",\"itemListElement\":[{\"@type\":\"ListItem\",\"position\":1,\"name\":\"Accueil\",\"item\":\"https:\\\/\\\/mediagoras.fr\\\/lyon\\\/\"},{\"@type\":\"ListItem\",\"position\":2,\"name\":\"Les r\u00e9unions de M\u00e9diagora Lyon\",\"item\":\"https:\\\/\\\/mediagoras.fr\\\/lyon\\\/reunions-hebdomadaires\\\/\"},{\"@type\":\"ListItem\",\"position\":3,\"name\":\"Lieu alternatif\"}]},{\"@type\":\"WebSite\",\"@id\":\"https:\\\/\\\/mediagoras.fr\\\/lyon\\\/#website\",\"url\":\"https:\\\/\\\/mediagoras.fr\\\/lyon\\\/\",\"name\":\"M\u00e9diagora Lyon\",\"description\":\"Il n&#039;est jamais trop tard pour prendre contact\",\"potentialAction\":[{\"@type\":\"SearchAction\",\"target\":{\"@type\":\"EntryPoint\",\"urlTemplate\":\"https:\\\/\\\/mediagoras.fr\\\/lyon\\\/?s={search_term_string}\"},\"query-input\":{\"@type\":\"PropertyValueSpecification\",\"valueRequired\":true,\"valueName\":\"search_term_string\"}}],\"inLanguage\":\"fr-FR\"}]}<\/script>\n<!-- \/ Yoast SEO plugin. -->","yoast_head_json":{"title":"Lieu alternatif - M\u00e9diagora Lyon","robots":{"index":"index","follow":"follow","max-snippet":"max-snippet:-1","max-image-preview":"max-image-preview:large","max-video-preview":"max-video-preview:-1"},"canonical":"https:\/\/mediagoras.fr\/lyon\/reunions-hebdomadaires\/lieu-alternatif\/","og_locale":"fr_FR","og_type":"article","og_title":"Lieu alternatif - M\u00e9diagora Lyon","og_description":"Ce lieu, mis \u00e0 notre disposition par une association amie (\u00ab\u00a0Icebergs\u00a0\u00bb), est utilis\u00e9 de fa\u00e7on exceptionnelle. La salle d\u00e9crite ci-dessous n&rsquo;est pas utilis\u00e9e de fa\u00e7on r\u00e9guli\u00e8re. Depuis janvier 2012 nos r\u00e9unions habituelles sont h\u00e9berg\u00e9es par une salle de la Maison &hellip; Continuer la lecture &rarr;","og_url":"https:\/\/mediagoras.fr\/lyon\/reunions-hebdomadaires\/lieu-alternatif\/","og_site_name":"M\u00e9diagora Lyon","article_modified_time":"2016-09-13T15:41:19+00:00","og_image":[{"url":"http:\/\/mediagoras.fr\/lyon\/files\/2010\/09\/Icebergs-ext.jpg","type":"","width":"","height":""}],"twitter_card":"summary_large_image","twitter_misc":{"Dur\u00e9e de lecture estim\u00e9e":"1 minute"},"schema":{"@context":"https:\/\/schema.org","@graph":[{"@type":"WebPage","@id":"https:\/\/mediagoras.fr\/lyon\/reunions-hebdomadaires\/lieu-alternatif\/","url":"https:\/\/mediagoras.fr\/lyon\/reunions-hebdomadaires\/lieu-alternatif\/","name":"Lieu alternatif - M\u00e9diagora Lyon","isPartOf":{"@id":"https:\/\/mediagoras.fr\/lyon\/#website"},"primaryImageOfPage":{"@id":"https:\/\/mediagoras.fr\/lyon\/reunions-hebdomadaires\/lieu-alternatif\/#primaryimage"},"image":{"@id":"https:\/\/mediagoras.fr\/lyon\/reunions-hebdomadaires\/lieu-alternatif\/#primaryimage"},"thumbnailUrl":"http:\/\/mediagoras.fr\/lyon\/files\/2010\/09\/Icebergs-ext.jpg","datePublished":"2011-12-17T23:00:17+00:00","dateModified":"2016-09-13T15:41:19+00:00","breadcrumb":{"@id":"https:\/\/mediagoras.fr\/lyon\/reunions-hebdomadaires\/lieu-alternatif\/#breadcrumb"},"inLanguage":"fr-FR","potentialAction":[{"@type":"ReadAction","target":["https:\/\/mediagoras.fr\/lyon\/reunions-hebdomadaires\/lieu-alternatif\/"]}]},{"@type":"ImageObject","inLanguage":"fr-FR","@id":"https:\/\/mediagoras.fr\/lyon\/reunions-hebdomadaires\/lieu-alternatif\/#primaryimage","url":"http:\/\/mediagoras.fr\/lyon\/files\/2010\/09\/Icebergs-ext.jpg","contentUrl":"http:\/\/mediagoras.fr\/lyon\/files\/2010\/09\/Icebergs-ext.jpg"},{"@type":"BreadcrumbList","@id":"https:\/\/mediagoras.fr\/lyon\/reunions-hebdomadaires\/lieu-alternatif\/#breadcrumb","itemListElement":[{"@type":"ListItem","position":1,"name":"Accueil","item":"https:\/\/mediagoras.fr\/lyon\/"},{"@type":"ListItem","position":2,"name":"Les r\u00e9unions de M\u00e9diagora Lyon","item":"https:\/\/mediagoras.fr\/lyon\/reunions-hebdomadaires\/"},{"@type":"ListItem","position":3,"name":"Lieu alternatif"}]},{"@type":"WebSite","@id":"https:\/\/mediagoras.fr\/lyon\/#website","url":"https:\/\/mediagoras.fr\/lyon\/","name":"M\u00e9diagora Lyon","description":"Il n&#039;est jamais trop tard pour prendre contact","potentialAction":[{"@type":"SearchAction","target":{"@type":"EntryPoint","urlTemplate":"https:\/\/mediagoras.fr\/lyon\/?s={search_term_string}"},"query-input":{"@type":"PropertyValueSpecification","valueRequired":true,"valueName":"search_term_string"}}],"inLanguage":"fr-FR"}]}},"_links":{"self":[{"href":"https:\/\/mediagoras.fr\/lyon\/wp-json\/wp\/v2\/pages\/682","targetHints":{"allow":["GET"]}}],"collection":[{"href":"https:\/\/mediagoras.fr\/lyon\/wp-json\/wp\/v2\/pages"}],"about":[{"href":"https:\/\/mediagoras.fr\/lyon\/wp-json\/wp\/v2\/types\/page"}],"author":[{"embeddable":true,"href":"https:\/\/mediagoras.fr\/lyon\/wp-json\/wp\/v2\/users\/1"}],"replies":[{"embeddable":true,"href":"https:\/\/mediagoras.fr\/lyon\/wp-json\/wp\/v2\/comments?post=682"}],"version-history":[{"count":17,"href":"https:\/\/mediagoras.fr\/lyon\/wp-json\/wp\/v2\/pages\/682\/revisions"}],"predecessor-version":[{"id":1937,"href":"https:\/\/mediagoras.fr\/lyon\/wp-json\/wp\/v2\/pages\/682\/revisions\/1937"}],"up":[{"embeddable":true,"href":"https:\/\/mediagoras.fr\/lyon\/wp-json\/wp\/v2\/pages\/1184"}],"wp:attachment":[{"href":"https:\/\/mediagoras.fr\/lyon\/wp-json\/wp\/v2\/media?parent=682"}],"curies":[{"name":"wp","href":"https:\/\/api.w.org\/{rel}","templated":true}]}}