{"id":82,"date":"2025-04-02T00:02:58","date_gmt":"2025-04-01T22:02:58","guid":{"rendered":"http:\/\/mediagora.lyon.free.fr\/nouv-site\/?page_id=82"},"modified":"2025-04-02T10:22:41","modified_gmt":"2025-04-02T08:22:41","slug":"nous-contacter","status":"publish","type":"page","link":"https:\/\/mediagoras.fr\/lyon\/nous-contacter\/","title":{"rendered":"Contacter M\u00e9diagora Lyon"},"content":{"rendered":"<p>Avant de nous contacter, avez-vous lu les principales pages de notre site ?<\/p>\n<p>(en effet il se pourrait bien que la r\u00e9ponse \u00e0 vos question s&rsquo;y trouve &#8230;)<\/p>\n<p>Dans ce formulaire, presque tous les champs sont optionnels. Donc inutile de nous donner des infos que vous souhaitez garder confidentielles. Par contre, si vous souhaitez une r\u00e9ponse, il nous faut au moins un N\u00b0 de t\u00e9l ou une adresse mail valide.<\/p>\n\n<div class=\"wpcf7 no-js\" id=\"wpcf7-f1410-o1\" lang=\"en-US\" dir=\"ltr\" data-wpcf7-id=\"1410\">\n<div class=\"screen-reader-response\"><p role=\"status\" aria-live=\"polite\" aria-atomic=\"true\"><\/p> <ul><\/ul><\/div>\n<form action=\"\/lyon\/wp-json\/wp\/v2\/pages\/82#wpcf7-f1410-o1\" method=\"post\" class=\"wpcf7-form init\" aria-label=\"Contact form\" novalidate=\"novalidate\" data-status=\"init\">\n<fieldset class=\"hidden-fields-container\"><input type=\"hidden\" name=\"_wpcf7\" value=\"1410\" \/><input type=\"hidden\" name=\"_wpcf7_version\" value=\"6.1.5\" \/><input type=\"hidden\" name=\"_wpcf7_locale\" value=\"en_US\" \/><input type=\"hidden\" name=\"_wpcf7_unit_tag\" value=\"wpcf7-f1410-o1\" \/><input type=\"hidden\" name=\"_wpcf7_container_post\" value=\"0\" \/><input type=\"hidden\" name=\"_wpcf7_posted_data_hash\" value=\"\" \/><input type=\"hidden\" name=\"_wpcf7_recaptcha_response\" value=\"\" \/>\n<\/fieldset>\n<h2>Qui \u00eates-vous ?\n<\/h2>\n<div style=\"display:inline-block; width:47%; vertical-align:top; margin-right:2%;\">\n\t<p><label>Votre pr\u00e9nom<\/label><span class=\"wpcf7-form-control-wrap\" data-name=\"prenom\"><input size=\"40\" maxlength=\"400\" class=\"wpcf7-form-control wpcf7-text\" aria-invalid=\"false\" value=\"\" type=\"text\" name=\"prenom\" \/><\/span>\n\t<\/p>\n<\/div>\n<div style=\"display:inline-block; width:47%; vertical-align:top;margin-left:2%;\">\n\t<p><label>Votre nom<\/label><span class=\"wpcf7-form-control-wrap\" data-name=\"nom\"><input size=\"40\" maxlength=\"400\" class=\"wpcf7-form-control wpcf7-text\" aria-invalid=\"false\" value=\"\" type=\"text\" name=\"nom\" \/><\/span>\n\t<\/p>\n<\/div>\n<div style=\"display:inline-block; width:47%; vertical-align:top; margin-right:2%;\">\n\t<p><label>Votre email *<\/label><span class=\"wpcf7-form-control-wrap\" data-name=\"courriel\"><input size=\"40\" maxlength=\"400\" class=\"wpcf7-form-control wpcf7-email wpcf7-validates-as-required wpcf7-text wpcf7-validates-as-email\" aria-required=\"true\" aria-invalid=\"false\" value=\"\" type=\"email\" name=\"courriel\" \/><\/span>\n\t<\/p>\n<\/div>\n<div style=\"display:inline-block; width:47%; vertical-align:top;margin-left:2%;\">\n\t<p><label>Votre t\u00e9l\u00e9phone<\/label><span class=\"wpcf7-form-control-wrap\" data-name=\"telephone\"><input size=\"40\" maxlength=\"400\" class=\"wpcf7-form-control wpcf7-tel wpcf7-text wpcf7-validates-as-tel\" aria-invalid=\"false\" value=\"\" type=\"tel\" name=\"telephone\" \/><\/span>\n\t<\/p>\n<\/div>\n<div style=\"display:inline-block; width:47%; vertical-align:top; margin-right:2%;\">\n\t<p><label>Votre code postal<\/label><span class=\"wpcf7-form-control-wrap\" data-name=\"codepostal\"><input size=\"40\" maxlength=\"400\" class=\"wpcf7-form-control wpcf7-text\" aria-invalid=\"false\" value=\"\" type=\"text\" name=\"codepostal\" \/><\/span>\n\t<\/p>\n<\/div>\n<div style=\"display:inline-block; width:47%; vertical-align:top;margin-left:2%;\">\n\t<p><label>Quelle est votre classe d'\u00e2ge ?<\/label><span class=\"wpcf7-form-control-wrap\" data-name=\"class-age\"><select class=\"wpcf7-form-control wpcf7-select\" aria-invalid=\"false\" name=\"class-age\"><option value=\"\">&#8212;Please choose an option&#8212;<\/option><option value=\"moins de 15\">moins de 15<\/option><option value=\"15-24\">15-24<\/option><option value=\"25-34\">25-34<\/option><option value=\"35-44\">35-44<\/option><option value=\"45-54\">45-54<\/option><option value=\"55-64\">55-64<\/option><option value=\"65 et +\">65 et +<\/option><\/select><\/span>\n\t<\/p>\n<\/div>\n<div style=\"display:inline-block; width:47%; vertical-align:top; margin-right:2%;\">\n\t<p><label>Etes-vous impact\u00e9 par de l'anxi\u00e9t\u00e9 sociale ?<\/label><span class=\"wpcf7-form-control-wrap\" data-name=\"anxsoc\"><input size=\"40\" maxlength=\"400\" class=\"wpcf7-form-control wpcf7-text\" aria-invalid=\"false\" value=\"\" type=\"text\" name=\"anxsoc\" \/><\/span>\n\t<\/p>\n<\/div>\n<div style=\"display:inline-block; width:47%; vertical-align:top;margin-left:2%;\">\n\t<p><label>Etes-vous impact\u00e9 par des attaques de panique ?<\/label><span class=\"wpcf7-form-control-wrap\" data-name=\"panique\"><input size=\"40\" maxlength=\"400\" class=\"wpcf7-form-control wpcf7-text\" aria-invalid=\"false\" value=\"\" type=\"text\" name=\"panique\" \/><\/span>\n\t<\/p>\n<\/div>\n<div style=\"display:inline-block; width:47%; vertical-align:top; margin-right:2%;\">\n\t<p><label>Etes-vous dans l'impossibilit\u00e9 d'aller dans certains lieux ?<\/label><span class=\"wpcf7-form-control-wrap\" data-name=\"ago\"><input size=\"40\" maxlength=\"400\" class=\"wpcf7-form-control wpcf7-text\" aria-invalid=\"false\" value=\"\" type=\"text\" name=\"ago\" \/><\/span>\n\t<\/p>\n<\/div>\n<div style=\"display:inline-block; width:47%; vertical-align:top;margin-left:2%;\">\n\t<p><label>Votra anxi\u00e9t\u00e9 fait-elle suite \u00e0 un (des) traumatisme(s) ?<\/label><span class=\"wpcf7-form-control-wrap\" data-name=\"trauma\"><input size=\"40\" maxlength=\"400\" class=\"wpcf7-form-control wpcf7-text\" aria-invalid=\"false\" value=\"\" type=\"text\" name=\"trauma\" \/><\/span>\n\t<\/p>\n<\/div>\n<h2>Que pouvons-nous faire pour vous (ou vous pour nous) ?\n<\/h2>\n<p><span class=\"wpcf7-form-control-wrap\" data-name=\"message\"><textarea cols=\"40\" rows=\"10\" maxlength=\"2000\" class=\"wpcf7-form-control wpcf7-textarea\" aria-invalid=\"false\" placeholder=\"Ecrivez-nous\" name=\"message\"><\/textarea><\/span>\n<\/p>\n<p><input class=\"wpcf7-form-control wpcf7-submit has-spinner\" type=\"submit\" value=\"Envoyer\" \/>\n<\/p><p style=\"display: none !important;\" class=\"akismet-fields-container\" data-prefix=\"_wpcf7_ak_\"><label>&#916;<textarea name=\"_wpcf7_ak_hp_textarea\" cols=\"45\" rows=\"8\" maxlength=\"100\"><\/textarea><\/label><input type=\"hidden\" id=\"ak_js_1\" name=\"_wpcf7_ak_js\" value=\"150\"\/><script>document.getElementById( \"ak_js_1\" ).setAttribute( \"value\", ( new Date() ).getTime() );<\/script><\/p><div class=\"wpcf7-response-output\" aria-hidden=\"true\"><\/div>\n<\/form>\n<\/div>\n\n<p>Si ce formulaire ne fonctionne pas, vous pouvez essayer avec un autre navigateur, mais si c&rsquo;est trop compliqu\u00e9, vous pouvez aussi nous envoyer un courriel libre (en reprenant autant que possible vos r\u00e9ponses au formulaire ci-dessus) \u00e0 l&rsquo;adresse suivante : mediagora.lyon(\u00e0)free.fr (en rempla\u00e7ant le (\u00e0) par ce qui est n\u00e9cessaire &#8230;)<\/p>\n<p>Si au bout d&rsquo;une semaine vous n&rsquo;avez re\u00e7u aucune r\u00e9ponse, n&rsquo;h\u00e9sitez pas \u00e0 nous relancer (par ce formulaire, ou par mail direct, ou en envoyant un SMS au +33 6 51 69 16 52). Dans ce cas, inutile de r\u00e9\u00e9crire le contenu principal de votre message (un simple \u00ab\u00a0je n&rsquo;ai pas eu de r\u00e9ponse \u00e0 ma prise de contact du [jour]-[mois]\u00a0\u00bb sera suffisant), mais par contre redonner votre n\u00b0de t\u00e9l\u00e9phone et\/ou votre adresse mail sera n\u00e9cessaire, car vous avez pu les renseigner d&rsquo;une fa\u00e7on erron\u00e9e la 1ere fois (cela arrive assez souvent).<\/p>\n","protected":false},"excerpt":{"rendered":"<p>Avant de nous contacter, avez-vous lu les principales pages de notre site ? (en effet il se pourrait bien que la r\u00e9ponse \u00e0 vos question s&rsquo;y trouve &#8230;) Dans ce formulaire, presque tous les champs sont optionnels. Donc inutile de &hellip; <a href=\"https:\/\/mediagoras.fr\/lyon\/nous-contacter\/\">Continuer la lecture <span class=\"meta-nav\">&rarr;<\/span><\/a><\/p>\n","protected":false},"author":24,"featured_media":0,"parent":0,"menu_order":0,"comment_status":"closed","ping_status":"closed","template":"onecolumn-page.php","meta":{"footnotes":""},"class_list":["post-82","page","type-page","status-publish","hentry"],"yoast_head":"<!-- This site is optimized with the Yoast SEO plugin v27.4 - https:\/\/yoast.com\/product\/yoast-seo-wordpress\/ -->\n<title>Contacter M\u00e9diagora Lyon - M\u00e9diagora Lyon<\/title>\n<meta name=\"robots\" content=\"index, follow, max-snippet:-1, max-image-preview:large, max-video-preview:-1\" \/>\n<link rel=\"canonical\" href=\"https:\/\/mediagoras.fr\/lyon\/nous-contacter\/\" \/>\n<meta property=\"og:locale\" content=\"fr_FR\" \/>\n<meta property=\"og:type\" content=\"article\" \/>\n<meta property=\"og:title\" content=\"Contacter M\u00e9diagora Lyon - M\u00e9diagora Lyon\" \/>\n<meta property=\"og:description\" content=\"Avant de nous contacter, avez-vous lu les principales pages de notre site ? (en effet il se pourrait bien que la r\u00e9ponse \u00e0 vos question s&rsquo;y trouve &#8230;) Dans ce formulaire, presque tous les champs sont optionnels. Donc inutile de &hellip; Continuer la lecture &rarr;\" \/>\n<meta property=\"og:url\" content=\"https:\/\/mediagoras.fr\/lyon\/nous-contacter\/\" \/>\n<meta property=\"og:site_name\" content=\"M\u00e9diagora Lyon\" \/>\n<meta property=\"article:modified_time\" content=\"2025-04-02T08:22:41+00:00\" \/>\n<meta name=\"twitter:card\" content=\"summary_large_image\" \/>\n<meta name=\"twitter:label1\" content=\"Dur\u00e9e de lecture estim\u00e9e\" \/>\n\t<meta name=\"twitter:data1\" content=\"2 minutes\" \/>\n<script type=\"application\/ld+json\" class=\"yoast-schema-graph\">{\"@context\":\"https:\\\/\\\/schema.org\",\"@graph\":[{\"@type\":\"WebPage\",\"@id\":\"https:\\\/\\\/mediagoras.fr\\\/lyon\\\/nous-contacter\\\/\",\"url\":\"https:\\\/\\\/mediagoras.fr\\\/lyon\\\/nous-contacter\\\/\",\"name\":\"Contacter M\u00e9diagora Lyon - M\u00e9diagora Lyon\",\"isPartOf\":{\"@id\":\"https:\\\/\\\/mediagoras.fr\\\/lyon\\\/#website\"},\"datePublished\":\"2025-04-01T22:02:58+00:00\",\"dateModified\":\"2025-04-02T08:22:41+00:00\",\"breadcrumb\":{\"@id\":\"https:\\\/\\\/mediagoras.fr\\\/lyon\\\/nous-contacter\\\/#breadcrumb\"},\"inLanguage\":\"fr-FR\",\"potentialAction\":[{\"@type\":\"ReadAction\",\"target\":[\"https:\\\/\\\/mediagoras.fr\\\/lyon\\\/nous-contacter\\\/\"]}]},{\"@type\":\"BreadcrumbList\",\"@id\":\"https:\\\/\\\/mediagoras.fr\\\/lyon\\\/nous-contacter\\\/#breadcrumb\",\"itemListElement\":[{\"@type\":\"ListItem\",\"position\":1,\"name\":\"Accueil\",\"item\":\"https:\\\/\\\/mediagoras.fr\\\/lyon\\\/\"},{\"@type\":\"ListItem\",\"position\":2,\"name\":\"Contacter M\u00e9diagora Lyon\"}]},{\"@type\":\"WebSite\",\"@id\":\"https:\\\/\\\/mediagoras.fr\\\/lyon\\\/#website\",\"url\":\"https:\\\/\\\/mediagoras.fr\\\/lyon\\\/\",\"name\":\"M\u00e9diagora Lyon\",\"description\":\"Il n&#039;est jamais trop tard pour prendre contact\",\"potentialAction\":[{\"@type\":\"SearchAction\",\"target\":{\"@type\":\"EntryPoint\",\"urlTemplate\":\"https:\\\/\\\/mediagoras.fr\\\/lyon\\\/?s={search_term_string}\"},\"query-input\":{\"@type\":\"PropertyValueSpecification\",\"valueRequired\":true,\"valueName\":\"search_term_string\"}}],\"inLanguage\":\"fr-FR\"}]}<\/script>\n<!-- \/ Yoast SEO plugin. -->","yoast_head_json":{"title":"Contacter M\u00e9diagora Lyon - M\u00e9diagora Lyon","robots":{"index":"index","follow":"follow","max-snippet":"max-snippet:-1","max-image-preview":"max-image-preview:large","max-video-preview":"max-video-preview:-1"},"canonical":"https:\/\/mediagoras.fr\/lyon\/nous-contacter\/","og_locale":"fr_FR","og_type":"article","og_title":"Contacter M\u00e9diagora Lyon - M\u00e9diagora Lyon","og_description":"Avant de nous contacter, avez-vous lu les principales pages de notre site ? (en effet il se pourrait bien que la r\u00e9ponse \u00e0 vos question s&rsquo;y trouve &#8230;) Dans ce formulaire, presque tous les champs sont optionnels. Donc inutile de &hellip; Continuer la lecture &rarr;","og_url":"https:\/\/mediagoras.fr\/lyon\/nous-contacter\/","og_site_name":"M\u00e9diagora Lyon","article_modified_time":"2025-04-02T08:22:41+00:00","twitter_card":"summary_large_image","twitter_misc":{"Dur\u00e9e de lecture estim\u00e9e":"2 minutes"},"schema":{"@context":"https:\/\/schema.org","@graph":[{"@type":"WebPage","@id":"https:\/\/mediagoras.fr\/lyon\/nous-contacter\/","url":"https:\/\/mediagoras.fr\/lyon\/nous-contacter\/","name":"Contacter M\u00e9diagora Lyon - M\u00e9diagora Lyon","isPartOf":{"@id":"https:\/\/mediagoras.fr\/lyon\/#website"},"datePublished":"2025-04-01T22:02:58+00:00","dateModified":"2025-04-02T08:22:41+00:00","breadcrumb":{"@id":"https:\/\/mediagoras.fr\/lyon\/nous-contacter\/#breadcrumb"},"inLanguage":"fr-FR","potentialAction":[{"@type":"ReadAction","target":["https:\/\/mediagoras.fr\/lyon\/nous-contacter\/"]}]},{"@type":"BreadcrumbList","@id":"https:\/\/mediagoras.fr\/lyon\/nous-contacter\/#breadcrumb","itemListElement":[{"@type":"ListItem","position":1,"name":"Accueil","item":"https:\/\/mediagoras.fr\/lyon\/"},{"@type":"ListItem","position":2,"name":"Contacter M\u00e9diagora Lyon"}]},{"@type":"WebSite","@id":"https:\/\/mediagoras.fr\/lyon\/#website","url":"https:\/\/mediagoras.fr\/lyon\/","name":"M\u00e9diagora Lyon","description":"Il n&#039;est jamais trop tard pour prendre contact","potentialAction":[{"@type":"SearchAction","target":{"@type":"EntryPoint","urlTemplate":"https:\/\/mediagoras.fr\/lyon\/?s={search_term_string}"},"query-input":{"@type":"PropertyValueSpecification","valueRequired":true,"valueName":"search_term_string"}}],"inLanguage":"fr-FR"}]}},"_links":{"self":[{"href":"https:\/\/mediagoras.fr\/lyon\/wp-json\/wp\/v2\/pages\/82","targetHints":{"allow":["GET"]}}],"collection":[{"href":"https:\/\/mediagoras.fr\/lyon\/wp-json\/wp\/v2\/pages"}],"about":[{"href":"https:\/\/mediagoras.fr\/lyon\/wp-json\/wp\/v2\/types\/page"}],"author":[{"embeddable":true,"href":"https:\/\/mediagoras.fr\/lyon\/wp-json\/wp\/v2\/users\/24"}],"replies":[{"embeddable":true,"href":"https:\/\/mediagoras.fr\/lyon\/wp-json\/wp\/v2\/comments?post=82"}],"version-history":[{"count":54,"href":"https:\/\/mediagoras.fr\/lyon\/wp-json\/wp\/v2\/pages\/82\/revisions"}],"predecessor-version":[{"id":2755,"href":"https:\/\/mediagoras.fr\/lyon\/wp-json\/wp\/v2\/pages\/82\/revisions\/2755"}],"wp:attachment":[{"href":"https:\/\/mediagoras.fr\/lyon\/wp-json\/wp\/v2\/media?parent=82"}],"curies":[{"name":"wp","href":"https:\/\/api.w.org\/{rel}","templated":true}]}}